{"id":800,"date":"2020-01-22T15:43:11","date_gmt":"2020-01-22T20:43:11","guid":{"rendered":"https:\/\/healthyhomecenter.ca\/?page_id=800"},"modified":"2020-11-27T14:01:14","modified_gmt":"2020-11-27T19:01:14","slug":"services","status":"publish","type":"page","link":"https:\/\/healthyhomecenter.ca\/fr\/services\/","title":{"rendered":"SERVICES"},"content":{"rendered":"<p><div class=\"fusion-fullwidth fullwidth-box fusion-builder-row-1 nonhundred-percent-fullwidth non-hundred-percent-height-scrolling fusion-equal-height-columns\" style=\"--awb-border-radius-top-left:0px;--awb-border-radius-top-right:0px;--awb-border-radius-bottom-right:0px;--awb-border-radius-bottom-left:0px;--awb-padding-top:0%;--awb-padding-bottom:2%;--awb-flex-wrap:wrap;\" ><div class=\"fusion-builder-row fusion-row\"><div class=\"fusion-layout-column fusion_builder_column fusion-builder-column-0 fusion_builder_column_1_3 1_3 fusion-one-third fusion-column-first\" style=\"--awb-padding-top:20px;--awb-padding-right:20px;--awb-padding-bottom:20px;--awb-padding-left:20px;--awb-bg-color:#f9f9f9;--awb-bg-color-hover:#f9f9f9;--awb-bg-size:cover;--awb-border-color:#bdb76b;--awb-border-top:1px;--awb-border-right:1px;--awb-border-bottom:1px;--awb-border-left:1px;--awb-border-style:solid;width:33.3333333333%;width:calc(33.3333333333% - ( ( 4% + 4% ) * 0.333333333333 ) );margin-right: 4%;\"><div class=\"fusion-column-wrapper fusion-flex-column-wrapper-legacy\"><div class=\"fusion-title title fusion-title-1 fusion-sep-none fusion-title-text fusion-title-size-two\" style=\"--awb-margin-bottom:20px;--awb-margin-top-small:10px;--awb-margin-right-small:0px;--awb-margin-bottom-small:10px;--awb-margin-left-small:0px;\"><h2 class=\"fusion-title-heading title-heading-left fusion-responsive-typography-calculated\" style=\"margin:0;--fontSize:26;line-height:1.5;\">ENL\u00c8VEMENT DES MOISISSURES<\/h2><\/div><div class=\"fusion-text fusion-text-1\"><p style=\"text-align: left;\">Les moisissures et les champignons sont des \u00e9l\u00e9ments naturels de l&rsquo;environnement et jouent un r\u00f4le essentiel dans la d\u00e9composition des feuilles, du bois et des autres d\u00e9bris v\u00e9g\u00e9taux. Ces microorganismes peuvent p\u00e9n\u00e9trer directement dans un b\u00e2timent ou encore s&rsquo;y introduire sous la forme de spores en suspension dans l&rsquo;air. Dans une maison ou un b\u00e2timent, les moisissures et les champignons se logeront g\u00e9n\u00e9ralement sur le bois, les cloisons s\u00e8ches, les plaques ou enduits de pl\u00e2tre, le mobilier, les tissus, le papier peint, les tentures, les carreaux de plafond ainsi que les tapis.<\/p>\n<\/div><div class=\"fusion-button-wrapper fusion-alignleft\"><a class=\"fusion-button button-flat fusion-button-default-size button-default fusion-button-default button-1 fusion-button-default-span fusion-button-default-type\" target=\"_self\" href=\"https:\/\/healthyhomecenter.ca\/mold-removal\/\"><span class=\"fusion-button-text awb-button__text awb-button__text--default\">Apprend Plus<\/span><\/a><\/div><div class=\"fusion-clearfix\"><\/div><\/div><\/div><div class=\"fusion-layout-column fusion_builder_column fusion-builder-column-1 fusion_builder_column_1_3 1_3 fusion-one-third\" style=\"--awb-padding-top:20px;--awb-padding-right:20px;--awb-padding-bottom:20px;--awb-padding-left:20px;--awb-bg-color:#f9f9f9;--awb-bg-color-hover:#f9f9f9;--awb-bg-size:cover;--awb-border-color:#bdb76b;--awb-border-top:1px;--awb-border-right:1px;--awb-border-bottom:1px;--awb-border-left:1px;--awb-border-style:solid;width:33.3333333333%;width:calc(33.3333333333% - ( ( 4% + 4% ) * 0.333333333333 ) );margin-right: 4%;\"><div class=\"fusion-column-wrapper fusion-flex-column-wrapper-legacy\"><div class=\"fusion-title title fusion-title-2 fusion-sep-none fusion-title-text fusion-title-size-two\" style=\"--awb-margin-bottom:20px;--awb-margin-top-small:10px;--awb-margin-right-small:0px;--awb-margin-bottom-small:10px;--awb-margin-left-small:0px;\"><h2 class=\"fusion-title-heading title-heading-left fusion-responsive-typography-calculated\" style=\"margin:0;--fontSize:26;line-height:1.5;\">ENL\u00c8VEMENT DE L\u2019AMIANTE<\/h2><\/div><div class=\"fusion-text fusion-text-2\"><p style=\"text-align: left;\">Si vous soup\u00e7onnez la pr\u00e9sence d\u2019amiante dans votre maison ou votre bureau, t\u00e9l\u00e9phonez-nous afin que nous puissions l\u2019identifier, ensuite l\u2019enlever en toute s\u00e9curit\u00e9 et l\u2019\u00e9liminer avant d\u2019entreprendre des travaux de r\u00e9novation, de d\u00e9molition ou de construction.<\/p>\n<\/div><div class=\"fusion-button-wrapper fusion-alignleft\"><a class=\"fusion-button button-flat fusion-button-default-size button-default fusion-button-default button-2 fusion-button-default-span fusion-button-default-type\" target=\"_self\" href=\"https:\/\/healthyhomecenter.ca\/asbestos-removal\/\"><span class=\"fusion-button-text awb-button__text awb-button__text--default\">Apprend Plus<\/span><\/a><\/div><div class=\"fusion-clearfix\"><\/div><\/div><\/div><div class=\"fusion-layout-column fusion_builder_column fusion-builder-column-2 fusion_builder_column_1_3 1_3 fusion-one-third fusion-column-last\" style=\"--awb-padding-top:20px;--awb-padding-right:20px;--awb-padding-bottom:20px;--awb-padding-left:20px;--awb-bg-color:#f9f9f9;--awb-bg-color-hover:#f9f9f9;--awb-bg-size:cover;--awb-border-color:#bdb76b;--awb-border-top:1px;--awb-border-right:1px;--awb-border-bottom:1px;--awb-border-left:1px;--awb-border-style:solid;width:33.3333333333%;width:calc(33.3333333333% - ( ( 4% + 4% ) * 0.333333333333 ) );\"><div class=\"fusion-column-wrapper fusion-flex-column-wrapper-legacy\"><div class=\"fusion-title title fusion-title-3 fusion-sep-none fusion-title-text fusion-title-size-two\" style=\"--awb-margin-bottom:20px;--awb-margin-top-small:10px;--awb-margin-right-small:0px;--awb-margin-bottom-small:10px;--awb-margin-left-small:0px;\"><h2 class=\"fusion-title-heading title-heading-left fusion-responsive-typography-calculated\" style=\"margin:0;--fontSize:26;line-height:1.5;\">PARTICULES ULTRAFINES<\/h2><\/div><div class=\"fusion-text fusion-text-3\"><p style=\"text-align: left;\">Les particules ultrafines d\u00e9signent les tr\u00e8s petites particules et les poussi\u00e8res qui s\u2019accumulent dans l\u2019environnement int\u00e9rieur qui deviennent tellement fines qu\u2019elles se transforment en a\u00e9rosol. Les particules ultrafines seraient la cause de probl\u00e8mes de sant\u00e9 plus graves que ceux qui existent en pr\u00e9sence de plus grosses particules.<\/p>\n<\/div><div class=\"fusion-button-wrapper fusion-alignleft\"><a class=\"fusion-button button-flat fusion-button-default-size button-default fusion-button-default button-3 fusion-button-default-span fusion-button-default-type\" target=\"_self\" href=\"https:\/\/healthyhomecenter.ca\/ultra-fine-particles\/\"><span class=\"fusion-button-text awb-button__text awb-button__text--default\">Apprend Plus<\/span><\/a><\/div><div class=\"fusion-clearfix\"><\/div><\/div><\/div><\/div><\/div><div class=\"fusion-fullwidth fullwidth-box fusion-builder-row-2 nonhundred-percent-fullwidth non-hundred-percent-height-scrolling fusion-equal-height-columns\" style=\"--awb-border-radius-top-left:0px;--awb-border-radius-top-right:0px;--awb-border-radius-bottom-right:0px;--awb-border-radius-bottom-left:0px;--awb-padding-top:2%;--awb-padding-bottom:2%;--awb-flex-wrap:wrap;\" ><div class=\"fusion-builder-row fusion-row\"><div class=\"fusion-layout-column fusion_builder_column fusion-builder-column-3 fusion_builder_column_1_3 1_3 fusion-one-third fusion-column-first\" style=\"--awb-padding-top:20px;--awb-padding-right:20px;--awb-padding-bottom:20px;--awb-padding-left:20px;--awb-bg-color:#f9f9f9;--awb-bg-color-hover:#f9f9f9;--awb-bg-size:cover;--awb-border-color:#bdb76b;--awb-border-top:1px;--awb-border-right:1px;--awb-border-bottom:1px;--awb-border-left:1px;--awb-border-style:solid;width:33.3333333333%;width:calc(33.3333333333% - ( ( 4% + 4% ) * 0.333333333333 ) );margin-right: 4%;\"><div class=\"fusion-column-wrapper fusion-flex-column-wrapper-legacy\"><div class=\"fusion-title title fusion-title-4 fusion-sep-none fusion-title-text fusion-title-size-two\" style=\"--awb-margin-bottom:20px;--awb-margin-top-small:10px;--awb-margin-right-small:0px;--awb-margin-bottom-small:10px;--awb-margin-left-small:0px;\"><h2 class=\"fusion-title-heading title-heading-left fusion-responsive-typography-calculated\" style=\"margin:0;--fontSize:26;line-height:1.5;\">R\u00c9NOVATIONS ET R\u00c9FECTIONS<\/h2><\/div><div class=\"fusion-text fusion-text-4\"><p>L\u2019\u00e9quipe de Healthy Home Center peut vous offrir une maison \u00e9cologique exempte de poussi\u00e8res et \u00e0 faible concentration en COV gr\u00e2ce \u00e0 ses 25 ann\u00e9es d\u2019exp\u00e9rience dans le domaine.<br \/>\nTous les secteurs des travaux sont consid\u00e9r\u00e9s comme des zones comportant des mati\u00e8res dangereuses.<\/p>\n<\/div><div class=\"fusion-button-wrapper fusion-alignleft\"><a class=\"fusion-button button-flat fusion-button-default-size button-default fusion-button-default button-4 fusion-button-default-span fusion-button-default-type\" target=\"_self\" href=\"https:\/\/healthyhomecenter.ca\/renovations-rebuilds\/\"><span class=\"fusion-button-text awb-button__text awb-button__text--default\">Apprend Plus<\/span><\/a><\/div><div class=\"fusion-clearfix\"><\/div><\/div><\/div><div class=\"fusion-layout-column fusion_builder_column fusion-builder-column-4 fusion_builder_column_1_3 1_3 fusion-one-third\" style=\"--awb-padding-top:20px;--awb-padding-right:20px;--awb-padding-bottom:20px;--awb-padding-left:20px;--awb-bg-color:#f9f9f9;--awb-bg-color-hover:#f9f9f9;--awb-bg-size:cover;--awb-border-color:#bdb76b;--awb-border-top:1px;--awb-border-right:1px;--awb-border-bottom:1px;--awb-border-left:1px;--awb-border-style:solid;width:33.3333333333%;width:calc(33.3333333333% - ( ( 4% + 4% ) * 0.333333333333 ) );margin-right: 4%;\"><div class=\"fusion-column-wrapper fusion-flex-column-wrapper-legacy\"><div class=\"fusion-title title fusion-title-5 fusion-sep-none fusion-title-text fusion-title-size-two\" style=\"--awb-margin-bottom:20px;--awb-margin-top-small:10px;--awb-margin-right-small:0px;--awb-margin-bottom-small:10px;--awb-margin-left-small:0px;\"><h2 class=\"fusion-title-heading title-heading-left fusion-responsive-typography-calculated\" style=\"margin:0;--fontSize:26;line-height:1.5;\">NETTOYAGE DE LIEUX ENCOMBR\u00c9S<\/h2><\/div><div class=\"fusion-text fusion-text-5\"><p>Le trouble d\u2019accumulation compulsive ou l\u2019accumulation pathologique est un tr\u00e8s grave probl\u00e8me. Plusieurs personnes veulent am\u00e9liorer leur sort, mais elles se sentent d\u00e9pass\u00e9es par la quantit\u00e9 de travail n\u00e9cessaire pour leur permettre de recommencer \u00e0 neuf.<\/p>\n<\/div><div class=\"fusion-button-wrapper fusion-alignleft\"><a class=\"fusion-button button-flat fusion-button-default-size button-default fusion-button-default button-5 fusion-button-default-span fusion-button-default-type\" target=\"_self\" href=\"https:\/\/healthyhomecenter.ca\/hoarding-cleanup\/\"><span class=\"fusion-button-text awb-button__text awb-button__text--default\">Apprend Plus<\/span><\/a><\/div><div class=\"fusion-clearfix\"><\/div><\/div><\/div><div class=\"fusion-layout-column fusion_builder_column fusion-builder-column-5 fusion_builder_column_1_3 1_3 fusion-one-third fusion-column-last\" style=\"--awb-padding-top:20px;--awb-padding-right:20px;--awb-padding-bottom:20px;--awb-padding-left:20px;--awb-bg-color:#f9f9f9;--awb-bg-color-hover:#f9f9f9;--awb-bg-size:cover;--awb-border-color:#bdb76b;--awb-border-top:1px;--awb-border-right:1px;--awb-border-bottom:1px;--awb-border-left:1px;--awb-border-style:solid;width:33.3333333333%;width:calc(33.3333333333% - ( ( 4% + 4% ) * 0.333333333333 ) );\"><div class=\"fusion-column-wrapper fusion-flex-column-wrapper-legacy\"><div class=\"fusion-title title fusion-title-6 fusion-sep-none fusion-title-text fusion-title-size-two\" style=\"--awb-margin-bottom:20px;--awb-margin-top-small:10px;--awb-margin-right-small:0px;--awb-margin-bottom-small:10px;--awb-margin-left-small:0px;\"><h2 class=\"fusion-title-heading title-heading-left fusion-responsive-typography-calculated\" style=\"margin:0;--fontSize:26;line-height:1.5;\">D\u00c9CHETS ANIMAUX ET BIOREM\u00c9DIATION<\/h2><\/div><div class=\"fusion-text fusion-text-6\"><p>Tous les d\u00e9chets animaux renferment des bact\u00e9ries. Ces d\u00e9chets doivent \u00eatre nettoy\u00e9s et soumis au processus de biorem\u00e9diation par un technicien professionnel form\u00e9 et exp\u00e9riment\u00e9 dans le contr\u00f4le des odeurs, ayant \u00e0 sa disposition le mat\u00e9riel n\u00e9cessaire.<\/p>\n<\/div><div class=\"fusion-button-wrapper fusion-alignleft\"><a class=\"fusion-button button-flat fusion-button-default-size button-default fusion-button-default button-6 fusion-button-default-span fusion-button-default-type\" target=\"_self\" href=\"https:\/\/healthyhomecenter.ca\/animal-waste-bio-remediation\/\"><span class=\"fusion-button-text awb-button__text awb-button__text--default\">Apprend Plus<\/span><\/a><\/div><div class=\"fusion-clearfix\"><\/div><\/div><\/div><\/div><\/div><div class=\"fusion-fullwidth fullwidth-box fusion-builder-row-3 nonhundred-percent-fullwidth non-hundred-percent-height-scrolling fusion-equal-height-columns\" style=\"--awb-border-radius-top-left:0px;--awb-border-radius-top-right:0px;--awb-border-radius-bottom-right:0px;--awb-border-radius-bottom-left:0px;--awb-padding-top:2%;--awb-padding-bottom:2%;--awb-flex-wrap:wrap;\" ><div class=\"fusion-builder-row fusion-row\"><div class=\"fusion-layout-column fusion_builder_column fusion-builder-column-6 fusion_builder_column_1_3 1_3 fusion-one-third fusion-column-first\" style=\"--awb-bg-size:cover;width:33.3333333333%;width:calc(33.3333333333% - ( ( 4% + 4% ) * 0.333333333333 ) );margin-right: 4%;\"><div class=\"fusion-column-wrapper fusion-flex-column-wrapper-legacy\"><div class=\"fusion-clearfix\"><\/div><\/div><\/div><div class=\"fusion-layout-column fusion_builder_column fusion-builder-column-7 fusion_builder_column_1_3 1_3 fusion-one-third\" style=\"--awb-padding-top:20px;--awb-padding-right:20px;--awb-padding-bottom:20px;--awb-padding-left:20px;--awb-bg-color:#f9f9f9;--awb-bg-color-hover:#f9f9f9;--awb-bg-size:cover;--awb-border-color:#bdb76b;--awb-border-top:1px;--awb-border-right:1px;--awb-border-bottom:1px;--awb-border-left:1px;--awb-border-style:solid;width:33.3333333333%;width:calc(33.3333333333% - ( ( 4% + 4% ) * 0.333333333333 ) );margin-right: 4%;\"><div class=\"fusion-column-wrapper fusion-flex-column-wrapper-legacy\"><div class=\"fusion-title title fusion-title-7 fusion-sep-none fusion-title-text fusion-title-size-two\" style=\"--awb-margin-bottom:20px;--awb-margin-top-small:10px;--awb-margin-right-small:0px;--awb-margin-bottom-small:10px;--awb-margin-left-small:0px;\"><h2 class=\"fusion-title-heading title-heading-left fusion-responsive-typography-calculated\" style=\"margin:0;--fontSize:26;line-height:1.5;\">NETTOYAGE DES CONDUITS<\/h2><\/div><div class=\"fusion-text fusion-text-7\"><p>Le technicien responsable du nettoyage des conduits de Healthy Home Environmental Solutions se sert de syst\u00e8mes d\u2019aspiration puissants d\u00e9montables et \u00e0 la fine pointe de la technologie qui sont assembl\u00e9s directement sur le conduit principal de l\u2019appareil de chauffage.<\/p>\n<\/div><div class=\"fusion-button-wrapper fusion-alignleft\"><a class=\"fusion-button button-flat fusion-button-default-size button-default fusion-button-default button-7 fusion-button-default-span fusion-button-default-type\" target=\"_self\" href=\"https:\/\/healthyhomecenter.ca\/duct-cleaning\/\"><span class=\"fusion-button-text awb-button__text awb-button__text--default\">Apprend Plus<\/span><\/a><\/div><div class=\"fusion-clearfix\"><\/div><\/div><\/div><div class=\"fusion-layout-column fusion_builder_column fusion-builder-column-8 fusion_builder_column_1_3 1_3 fusion-one-third fusion-column-last\" style=\"--awb-bg-size:cover;width:33.3333333333%;width:calc(33.3333333333% - ( ( 4% + 4% ) * 0.333333333333 ) );\"><div class=\"fusion-column-wrapper fusion-flex-column-wrapper-legacy\"><div class=\"fusion-clearfix\"><\/div><\/div><\/div><\/div><\/div><\/p>\n","protected":false},"excerpt":{"rendered":"","protected":false},"author":2,"featured_media":0,"parent":0,"menu_order":0,"comment_status":"closed","ping_status":"closed","template":"100-width.php","meta":{"_exactmetrics_skip_tracking":false,"_exactmetrics_sitenote_active":false,"_exactmetrics_sitenote_note":"","_exactmetrics_sitenote_category":0,"footnotes":""},"tags":[],"class_list":["post-800","page","type-page","status-publish","hentry"],"yoast_head":"<!-- This site is optimized with the Yoast SEO plugin v27.5 - https:\/\/yoast.com\/product\/yoast-seo-wordpress\/ -->\n<title>SERVICES - Healthy Home Center<\/title>\n<meta name=\"description\" content=\"Sp\u00e9cialistes de l&#039;\u00e9limination des moisissures et fiers de veiller \u00e0 la s\u00e9curit\u00e9 de votre domicile ou de votre bureau dans la r\u00e9gion d&#039;Ottawa. Contactez-nous\" \/>\n<meta name=\"robots\" content=\"index, follow, max-snippet:-1, max-image-preview:large, max-video-preview:-1\" \/>\n<link rel=\"canonical\" href=\"https:\/\/healthyhomecenter.ca\/fr\/services\/\" \/>\n<meta property=\"og:locale\" content=\"fr_FR\" \/>\n<meta property=\"og:type\" content=\"article\" \/>\n<meta property=\"og:title\" content=\"SERVICES - Healthy Home Center\" \/>\n<meta property=\"og:description\" content=\"Sp\u00e9cialistes de l&#039;\u00e9limination des moisissures et fiers de veiller \u00e0 la s\u00e9curit\u00e9 de votre domicile ou de votre bureau dans la r\u00e9gion d&#039;Ottawa. Contactez-nous\" \/>\n<meta property=\"og:url\" content=\"https:\/\/healthyhomecenter.ca\/fr\/services\/\" \/>\n<meta property=\"og:site_name\" content=\"Healthy Home Center\" \/>\n<meta property=\"article:publisher\" content=\"https:\/\/www.facebook.com\/Healthy-Home-Center-1683768605283953\/\" \/>\n<meta property=\"article:modified_time\" content=\"2020-11-27T19:01:14+00:00\" \/>\n<meta name=\"twitter:card\" content=\"summary_large_image\" \/>\n<meta name=\"twitter:label1\" content=\"Dur\u00e9e de lecture estim\u00e9e\" \/>\n\t<meta name=\"twitter:data1\" content=\"12 minutes\" \/>\n<script type=\"application\/ld+json\" class=\"yoast-schema-graph\">{\"@context\":\"https:\\\/\\\/schema.org\",\"@graph\":[{\"@type\":\"WebPage\",\"@id\":\"https:\\\/\\\/healthyhomecenter.ca\\\/fr\\\/services\\\/\",\"url\":\"https:\\\/\\\/healthyhomecenter.ca\\\/fr\\\/services\\\/\",\"name\":\"SERVICES - Healthy Home Center\",\"isPartOf\":{\"@id\":\"https:\\\/\\\/healthyhomecenter.ca\\\/#website\"},\"datePublished\":\"2020-01-22T20:43:11+00:00\",\"dateModified\":\"2020-11-27T19:01:14+00:00\",\"description\":\"Sp\u00e9cialistes de l'\u00e9limination des moisissures et fiers de veiller \u00e0 la s\u00e9curit\u00e9 de votre domicile ou de votre bureau dans la r\u00e9gion d'Ottawa. Contactez-nous\",\"breadcrumb\":{\"@id\":\"https:\\\/\\\/healthyhomecenter.ca\\\/fr\\\/services\\\/#breadcrumb\"},\"inLanguage\":\"fr-FR\",\"potentialAction\":[{\"@type\":\"ReadAction\",\"target\":[\"https:\\\/\\\/healthyhomecenter.ca\\\/fr\\\/services\\\/\"]}]},{\"@type\":\"BreadcrumbList\",\"@id\":\"https:\\\/\\\/healthyhomecenter.ca\\\/fr\\\/services\\\/#breadcrumb\",\"itemListElement\":[{\"@type\":\"ListItem\",\"position\":1,\"name\":\"D\u2019ACCUEIL\",\"item\":\"https:\\\/\\\/healthyhomecenter.ca\\\/fr\\\/\"},{\"@type\":\"ListItem\",\"position\":2,\"name\":\"SERVICES\"}]},{\"@type\":\"WebSite\",\"@id\":\"https:\\\/\\\/healthyhomecenter.ca\\\/#website\",\"url\":\"https:\\\/\\\/healthyhomecenter.ca\\\/\",\"name\":\"Healthy Home Center\",\"description\":\"Mold Removal Services in Ottawa\",\"publisher\":{\"@id\":\"https:\\\/\\\/healthyhomecenter.ca\\\/#organization\"},\"potentialAction\":[{\"@type\":\"SearchAction\",\"target\":{\"@type\":\"EntryPoint\",\"urlTemplate\":\"https:\\\/\\\/healthyhomecenter.ca\\\/?s={search_term_string}\"},\"query-input\":{\"@type\":\"PropertyValueSpecification\",\"valueRequired\":true,\"valueName\":\"search_term_string\"}}],\"inLanguage\":\"fr-FR\"},{\"@type\":\"Organization\",\"@id\":\"https:\\\/\\\/healthyhomecenter.ca\\\/#organization\",\"name\":\"Healthy Home Center\",\"url\":\"https:\\\/\\\/healthyhomecenter.ca\\\/\",\"logo\":{\"@type\":\"ImageObject\",\"inLanguage\":\"fr-FR\",\"@id\":\"https:\\\/\\\/healthyhomecenter.ca\\\/#\\\/schema\\\/logo\\\/image\\\/\",\"url\":\"https:\\\/\\\/healthyhomecen.wpengine.com\\\/wp-content\\\/uploads\\\/2018\\\/02\\\/hhg-ico.png\",\"contentUrl\":\"https:\\\/\\\/healthyhomecen.wpengine.com\\\/wp-content\\\/uploads\\\/2018\\\/02\\\/hhg-ico.png\",\"width\":340,\"height\":357,\"caption\":\"Healthy Home Center\"},\"image\":{\"@id\":\"https:\\\/\\\/healthyhomecenter.ca\\\/#\\\/schema\\\/logo\\\/image\\\/\"},\"sameAs\":[\"https:\\\/\\\/www.facebook.com\\\/Healthy-Home-Center-1683768605283953\\\/\"]}]}<\/script>\n<!-- \/ Yoast SEO plugin. -->","yoast_head_json":{"title":"SERVICES - Healthy Home Center","description":"Sp\u00e9cialistes de l'\u00e9limination des moisissures et fiers de veiller \u00e0 la s\u00e9curit\u00e9 de votre domicile ou de votre bureau dans la r\u00e9gion d'Ottawa. Contactez-nous","robots":{"index":"index","follow":"follow","max-snippet":"max-snippet:-1","max-image-preview":"max-image-preview:large","max-video-preview":"max-video-preview:-1"},"canonical":"https:\/\/healthyhomecenter.ca\/fr\/services\/","og_locale":"fr_FR","og_type":"article","og_title":"SERVICES - Healthy Home Center","og_description":"Sp\u00e9cialistes de l'\u00e9limination des moisissures et fiers de veiller \u00e0 la s\u00e9curit\u00e9 de votre domicile ou de votre bureau dans la r\u00e9gion d'Ottawa. Contactez-nous","og_url":"https:\/\/healthyhomecenter.ca\/fr\/services\/","og_site_name":"Healthy Home Center","article_publisher":"https:\/\/www.facebook.com\/Healthy-Home-Center-1683768605283953\/","article_modified_time":"2020-11-27T19:01:14+00:00","twitter_card":"summary_large_image","twitter_misc":{"Dur\u00e9e de lecture estim\u00e9e":"12 minutes"},"schema":{"@context":"https:\/\/schema.org","@graph":[{"@type":"WebPage","@id":"https:\/\/healthyhomecenter.ca\/fr\/services\/","url":"https:\/\/healthyhomecenter.ca\/fr\/services\/","name":"SERVICES - Healthy Home Center","isPartOf":{"@id":"https:\/\/healthyhomecenter.ca\/#website"},"datePublished":"2020-01-22T20:43:11+00:00","dateModified":"2020-11-27T19:01:14+00:00","description":"Sp\u00e9cialistes de l'\u00e9limination des moisissures et fiers de veiller \u00e0 la s\u00e9curit\u00e9 de votre domicile ou de votre bureau dans la r\u00e9gion d'Ottawa. Contactez-nous","breadcrumb":{"@id":"https:\/\/healthyhomecenter.ca\/fr\/services\/#breadcrumb"},"inLanguage":"fr-FR","potentialAction":[{"@type":"ReadAction","target":["https:\/\/healthyhomecenter.ca\/fr\/services\/"]}]},{"@type":"BreadcrumbList","@id":"https:\/\/healthyhomecenter.ca\/fr\/services\/#breadcrumb","itemListElement":[{"@type":"ListItem","position":1,"name":"D\u2019ACCUEIL","item":"https:\/\/healthyhomecenter.ca\/fr\/"},{"@type":"ListItem","position":2,"name":"SERVICES"}]},{"@type":"WebSite","@id":"https:\/\/healthyhomecenter.ca\/#website","url":"https:\/\/healthyhomecenter.ca\/","name":"Healthy Home Center","description":"Mold Removal Services in Ottawa","publisher":{"@id":"https:\/\/healthyhomecenter.ca\/#organization"},"potentialAction":[{"@type":"SearchAction","target":{"@type":"EntryPoint","urlTemplate":"https:\/\/healthyhomecenter.ca\/?s={search_term_string}"},"query-input":{"@type":"PropertyValueSpecification","valueRequired":true,"valueName":"search_term_string"}}],"inLanguage":"fr-FR"},{"@type":"Organization","@id":"https:\/\/healthyhomecenter.ca\/#organization","name":"Healthy Home Center","url":"https:\/\/healthyhomecenter.ca\/","logo":{"@type":"ImageObject","inLanguage":"fr-FR","@id":"https:\/\/healthyhomecenter.ca\/#\/schema\/logo\/image\/","url":"https:\/\/healthyhomecen.wpengine.com\/wp-content\/uploads\/2018\/02\/hhg-ico.png","contentUrl":"https:\/\/healthyhomecen.wpengine.com\/wp-content\/uploads\/2018\/02\/hhg-ico.png","width":340,"height":357,"caption":"Healthy Home Center"},"image":{"@id":"https:\/\/healthyhomecenter.ca\/#\/schema\/logo\/image\/"},"sameAs":["https:\/\/www.facebook.com\/Healthy-Home-Center-1683768605283953\/"]}]}},"_links":{"self":[{"href":"https:\/\/healthyhomecenter.ca\/fr\/wp-json\/wp\/v2\/pages\/800","targetHints":{"allow":["GET"]}}],"collection":[{"href":"https:\/\/healthyhomecenter.ca\/fr\/wp-json\/wp\/v2\/pages"}],"about":[{"href":"https:\/\/healthyhomecenter.ca\/fr\/wp-json\/wp\/v2\/types\/page"}],"author":[{"embeddable":true,"href":"https:\/\/healthyhomecenter.ca\/fr\/wp-json\/wp\/v2\/users\/2"}],"replies":[{"embeddable":true,"href":"https:\/\/healthyhomecenter.ca\/fr\/wp-json\/wp\/v2\/comments?post=800"}],"version-history":[{"count":0,"href":"https:\/\/healthyhomecenter.ca\/fr\/wp-json\/wp\/v2\/pages\/800\/revisions"}],"wp:attachment":[{"href":"https:\/\/healthyhomecenter.ca\/fr\/wp-json\/wp\/v2\/media?parent=800"}],"wp:term":[{"taxonomy":"post_tag","embeddable":true,"href":"https:\/\/healthyhomecenter.ca\/fr\/wp-json\/wp\/v2\/tags?post=800"}],"curies":[{"name":"wp","href":"https:\/\/api.w.org\/{rel}","templated":true}]}}