{"id":764,"date":"2020-01-22T14:40:29","date_gmt":"2020-01-22T19:40:29","guid":{"rendered":"https:\/\/healthyhomecenter.ca\/?page_id=764"},"modified":"2021-10-06T17:15:20","modified_gmt":"2021-10-06T21:15:20","slug":"dechets-animaux-et-bioremediation","status":"publish","type":"page","link":"https:\/\/healthyhomecenter.ca\/fr\/services\/dechets-animaux-et-bioremediation\/","title":{"rendered":"D\u00c9CHETS ANIMAUX ET BIOREM\u00c9DIATION"},"content":{"rendered":"<div class=\"fusion-fullwidth fullwidth-box fusion-builder-row-1 nonhundred-percent-fullwidth non-hundred-percent-height-scrolling\" style=\"--awb-border-radius-top-left:0px;--awb-border-radius-top-right:0px;--awb-border-radius-bottom-right:0px;--awb-border-radius-bottom-left:0px;--awb-padding-top:100px;--awb-flex-wrap:wrap;\" ><div class=\"fusion-builder-row fusion-row\"><div class=\"fusion-layout-column fusion_builder_column fusion-builder-column-0 fusion_builder_column_1_1 1_1 fusion-one-full fusion-column-first fusion-column-last\" style=\"--awb-bg-size:cover;\"><div class=\"fusion-column-wrapper fusion-flex-column-wrapper-legacy\"><div class=\"fusion-title title fusion-title-1 fusion-sep-none fusion-title-text fusion-title-size-two\" style=\"--awb-margin-top-small:10px;--awb-margin-right-small:0px;--awb-margin-bottom-small:10px;--awb-margin-left-small:0px;\"><h2 class=\"fusion-title-heading title-heading-left fusion-responsive-typography-calculated\" style=\"margin:0;--fontSize:26;line-height:1.5;\">Qu\u2019est-ce que la biorem\u00e9diation?<\/h2><\/div><div class=\"fusion-text fusion-text-1\"><div class=\"flex_column av_one_half flex_column_div av-zero-column-padding first avia-builder-el-2 el_after_av_one_full el_before_av_one_half column-top-margin\">\n<section class=\"av_textblock_section\">\n<div class=\"avia_textblock \">\n<p>Tous les d\u00e9chets animaux renferment des bact\u00e9ries. Ces d\u00e9chets doivent \u00eatre nettoy\u00e9s et soumis au processus de biorem\u00e9diation par un technicien professionnel form\u00e9 et exp\u00e9riment\u00e9 dans le contr\u00f4le des odeurs, ayant \u00e0 sa disposition le mat\u00e9riel n\u00e9cessaire.<\/p>\n<p><span style=\"font-weight: 400;\">Nos techniciens d\u2019entretien ayant \u00e9t\u00e9 soumis \u00e0 une v\u00e9rification polici\u00e8re sont accr\u00e9dit\u00e9s par l\u2019<\/span><a href=\"http:\/\/www.iicrc.org\/\" target=\"_blank\" rel=\"noopener noreferrer\"><span style=\"font-weight: 400;\">Institute of Inspection Cleaning and Restoration<\/span><\/a><span style=\"font-weight: 400;\">\u00a0ainsi que par l\u2019<\/span><a href=\"https:\/\/www.americanbiorecovery.org\/\"><span style=\"font-weight: 400;\">American Bio Recovery Association<\/span><\/a><span style=\"font-weight: 400;\">.<\/span><\/p>\n<p><span style=\"font-weight: 400;\">Nous sommes qualifi\u00e9s pour l\u2019enl\u00e8vement, le nettoyage et la biorem\u00e9diation de dangers biologiques de tous les types.<\/span><\/p>\n<p><span style=\"font-weight: 400;\">Nos techniciens se servent de l\u2019\u00e9quipement de protection individuelle et du mat\u00e9riel de nettoyage les plus r\u00e9cents sur le march\u00e9.<\/span><\/p>\n<\/div>\n<\/section>\n<\/div>\n<div class=\"flex_column av_one_half flex_column_div av-zero-column-padding avia-builder-el-4 el_after_av_one_half el_before_av_one_full column-top-margin\">\n<section class=\"av_textblock_section\">\n<div class=\"avia_textblock \">\n<ul>\n<li>D\u00e9chets animaux dans votre maison ou votre cour<\/li>\n<li>Odeurs de moufettes ou d\u2019animaux domestiques<\/li>\n<li>Animaux en d\u00e9composition (souris, \u00e9cureuils morts, etc.)<\/li>\n<li>Fientes d\u2019oiseaux dans l\u2019entretoit ou l\u2019\u00e9changeur d\u2019air commercial<\/li>\n<li>Excr\u00e9ments de chauves-souris dans l\u2019avant-toit ou les soffites de la toiture<\/li>\n<li>D\u00e9versements d\u2019eaux us\u00e9es, de sang ou de dangers biologiques<\/li>\n<\/ul>\n<\/div>\n<\/section>\n<\/div>\n<div class=\"flex_column av_one_full flex_column_div av-zero-column-padding first avia-builder-el-6 el_after_av_one_half el_before_av_one_full column-top-margin\">\n<section class=\"av_textblock_section\">\n<div class=\"avia_textblock \">\n<p>L\u2019odeur de l\u2019urine des animaux domestiques et des autres animaux \u00e0 l\u2019int\u00e9rieur est beaucoup plus volatil durant les journ\u00e9es chaudes et humides ou les jours de pluie. L\u2019utilisation du produit Odorcide ou de la technique de brumisation, ou d\u2019une combinaison des deux, peut \u00eatre n\u00e9cessaire pour d\u00e9sinfecter au complet les secteurs touch\u00e9s.<\/p>\n<p>Notre personnel charg\u00e9 du nettoyage est en mesure de s\u2019occuper de la d\u00e9composition, des odeurs, des excr\u00e9ments, de l\u2019urine et de tous les autres types de dangers biologiques. Les produits chimiques et de nettoyage que nous utilisons sont con\u00e7us pour contr\u00f4ler avec efficacit\u00e9 les odeurs et assainir l\u2019environnement. Nos techniciens sont dot\u00e9s du mat\u00e9riel n\u00e9cessaire pour confiner temporairement les lieux ou le secteur des travaux et en assurer la d\u00e9pressurisation au cours de l\u2019application du produit et de la p\u00e9riode de cure pour veiller au confort et \u00e0 la sant\u00e9 du propri\u00e9taire.<\/p>\n<\/div>\n<\/section>\n<\/div>\n<\/div><div class=\"fusion-clearfix\"><\/div><\/div><\/div><\/div><\/div>\n","protected":false},"excerpt":{"rendered":"","protected":false},"author":2,"featured_media":965,"parent":800,"menu_order":0,"comment_status":"closed","ping_status":"closed","template":"template-services.php","meta":{"_exactmetrics_skip_tracking":false,"_exactmetrics_sitenote_active":false,"_exactmetrics_sitenote_note":"","_exactmetrics_sitenote_category":0,"footnotes":""},"tags":[],"class_list":["post-764","page","type-page","status-publish","has-post-thumbnail","hentry"],"yoast_head":"<!-- This site is optimized with the Yoast SEO plugin v27.5 - https:\/\/yoast.com\/product\/yoast-seo-wordpress\/ -->\n<title>D\u00c9CHETS ANIMAUX ET BIOREM\u00c9DIATION - Healthy Home Center<\/title>\n<meta name=\"description\" content=\"Tous les d\u00e9chets animaux renferment des bact\u00e9ries. Ces d\u00e9chets doivent \u00eatre nettoy\u00e9s et soumis au processus de biorem\u00e9diation. Apprenez-en plus:\" \/>\n<meta name=\"robots\" content=\"index, follow, max-snippet:-1, max-image-preview:large, max-video-preview:-1\" \/>\n<link rel=\"canonical\" href=\"https:\/\/healthyhomecenter.ca\/fr\/services\/dechets-animaux-et-bioremediation\/\" \/>\n<meta property=\"og:locale\" content=\"fr_FR\" \/>\n<meta property=\"og:type\" content=\"article\" \/>\n<meta property=\"og:title\" content=\"D\u00c9CHETS ANIMAUX ET BIOREM\u00c9DIATION - Healthy Home Center\" \/>\n<meta property=\"og:description\" content=\"Tous les d\u00e9chets animaux renferment des bact\u00e9ries. Ces d\u00e9chets doivent \u00eatre nettoy\u00e9s et soumis au processus de biorem\u00e9diation. Apprenez-en plus:\" \/>\n<meta property=\"og:url\" content=\"https:\/\/healthyhomecenter.ca\/fr\/services\/dechets-animaux-et-bioremediation\/\" \/>\n<meta property=\"og:site_name\" content=\"Healthy Home Center\" \/>\n<meta property=\"article:publisher\" content=\"https:\/\/www.facebook.com\/Healthy-Home-Center-1683768605283953\/\" \/>\n<meta property=\"article:modified_time\" content=\"2021-10-06T21:15:20+00:00\" \/>\n<meta property=\"og:image\" content=\"https:\/\/healthyhomecenter.ca\/wp-content\/uploads\/2020\/03\/animal-waste-bio-remediation.jpg\" \/>\n\t<meta property=\"og:image:width\" content=\"1920\" \/>\n\t<meta property=\"og:image:height\" content=\"853\" \/>\n\t<meta property=\"og:image:type\" content=\"image\/jpeg\" \/>\n<meta name=\"twitter:card\" content=\"summary_large_image\" \/>\n<meta name=\"twitter:label1\" content=\"Dur\u00e9e de lecture estim\u00e9e\" \/>\n\t<meta name=\"twitter:data1\" content=\"3 minutes\" \/>\n<script type=\"application\/ld+json\" class=\"yoast-schema-graph\">{\"@context\":\"https:\\\/\\\/schema.org\",\"@graph\":[{\"@type\":\"WebPage\",\"@id\":\"https:\\\/\\\/healthyhomecenter.ca\\\/fr\\\/services\\\/dechets-animaux-et-bioremediation\\\/\",\"url\":\"https:\\\/\\\/healthyhomecenter.ca\\\/fr\\\/services\\\/dechets-animaux-et-bioremediation\\\/\",\"name\":\"D\u00c9CHETS ANIMAUX ET BIOREM\u00c9DIATION - Healthy Home Center\",\"isPartOf\":{\"@id\":\"https:\\\/\\\/healthyhomecenter.ca\\\/#website\"},\"primaryImageOfPage\":{\"@id\":\"https:\\\/\\\/healthyhomecenter.ca\\\/fr\\\/services\\\/dechets-animaux-et-bioremediation\\\/#primaryimage\"},\"image\":{\"@id\":\"https:\\\/\\\/healthyhomecenter.ca\\\/fr\\\/services\\\/dechets-animaux-et-bioremediation\\\/#primaryimage\"},\"thumbnailUrl\":\"https:\\\/\\\/healthyhomecenter.ca\\\/wp-content\\\/uploads\\\/2020\\\/03\\\/animal-waste-bio-remediation.jpg\",\"datePublished\":\"2020-01-22T19:40:29+00:00\",\"dateModified\":\"2021-10-06T21:15:20+00:00\",\"description\":\"Tous les d\u00e9chets animaux renferment des bact\u00e9ries. Ces d\u00e9chets doivent \u00eatre nettoy\u00e9s et soumis au processus de biorem\u00e9diation. Apprenez-en plus:\",\"breadcrumb\":{\"@id\":\"https:\\\/\\\/healthyhomecenter.ca\\\/fr\\\/services\\\/dechets-animaux-et-bioremediation\\\/#breadcrumb\"},\"inLanguage\":\"fr-FR\",\"potentialAction\":[{\"@type\":\"ReadAction\",\"target\":[\"https:\\\/\\\/healthyhomecenter.ca\\\/fr\\\/services\\\/dechets-animaux-et-bioremediation\\\/\"]}]},{\"@type\":\"ImageObject\",\"inLanguage\":\"fr-FR\",\"@id\":\"https:\\\/\\\/healthyhomecenter.ca\\\/fr\\\/services\\\/dechets-animaux-et-bioremediation\\\/#primaryimage\",\"url\":\"https:\\\/\\\/healthyhomecenter.ca\\\/wp-content\\\/uploads\\\/2020\\\/03\\\/animal-waste-bio-remediation.jpg\",\"contentUrl\":\"https:\\\/\\\/healthyhomecenter.ca\\\/wp-content\\\/uploads\\\/2020\\\/03\\\/animal-waste-bio-remediation.jpg\",\"width\":1920,\"height\":853,\"caption\":\"animal waste bio remediation Ottawa\"},{\"@type\":\"BreadcrumbList\",\"@id\":\"https:\\\/\\\/healthyhomecenter.ca\\\/fr\\\/services\\\/dechets-animaux-et-bioremediation\\\/#breadcrumb\",\"itemListElement\":[{\"@type\":\"ListItem\",\"position\":1,\"name\":\"D\u2019ACCUEIL\",\"item\":\"https:\\\/\\\/healthyhomecenter.ca\\\/fr\\\/\"},{\"@type\":\"ListItem\",\"position\":2,\"name\":\"SERVICES\",\"item\":\"https:\\\/\\\/healthyhomecenter.ca\\\/fr\\\/services\\\/\"},{\"@type\":\"ListItem\",\"position\":3,\"name\":\"D\u00c9CHETS ANIMAUX ET BIOREM\u00c9DIATION\"}]},{\"@type\":\"WebSite\",\"@id\":\"https:\\\/\\\/healthyhomecenter.ca\\\/#website\",\"url\":\"https:\\\/\\\/healthyhomecenter.ca\\\/\",\"name\":\"Healthy Home Center\",\"description\":\"Mold Removal Services in Ottawa\",\"publisher\":{\"@id\":\"https:\\\/\\\/healthyhomecenter.ca\\\/#organization\"},\"potentialAction\":[{\"@type\":\"SearchAction\",\"target\":{\"@type\":\"EntryPoint\",\"urlTemplate\":\"https:\\\/\\\/healthyhomecenter.ca\\\/?s={search_term_string}\"},\"query-input\":{\"@type\":\"PropertyValueSpecification\",\"valueRequired\":true,\"valueName\":\"search_term_string\"}}],\"inLanguage\":\"fr-FR\"},{\"@type\":\"Organization\",\"@id\":\"https:\\\/\\\/healthyhomecenter.ca\\\/#organization\",\"name\":\"Healthy Home Center\",\"url\":\"https:\\\/\\\/healthyhomecenter.ca\\\/\",\"logo\":{\"@type\":\"ImageObject\",\"inLanguage\":\"fr-FR\",\"@id\":\"https:\\\/\\\/healthyhomecenter.ca\\\/#\\\/schema\\\/logo\\\/image\\\/\",\"url\":\"https:\\\/\\\/healthyhomecen.wpengine.com\\\/wp-content\\\/uploads\\\/2018\\\/02\\\/hhg-ico.png\",\"contentUrl\":\"https:\\\/\\\/healthyhomecen.wpengine.com\\\/wp-content\\\/uploads\\\/2018\\\/02\\\/hhg-ico.png\",\"width\":340,\"height\":357,\"caption\":\"Healthy Home Center\"},\"image\":{\"@id\":\"https:\\\/\\\/healthyhomecenter.ca\\\/#\\\/schema\\\/logo\\\/image\\\/\"},\"sameAs\":[\"https:\\\/\\\/www.facebook.com\\\/Healthy-Home-Center-1683768605283953\\\/\"]}]}<\/script>\n<!-- \/ Yoast SEO plugin. -->","yoast_head_json":{"title":"D\u00c9CHETS ANIMAUX ET BIOREM\u00c9DIATION - Healthy Home Center","description":"Tous les d\u00e9chets animaux renferment des bact\u00e9ries. Ces d\u00e9chets doivent \u00eatre nettoy\u00e9s et soumis au processus de biorem\u00e9diation. Apprenez-en plus:","robots":{"index":"index","follow":"follow","max-snippet":"max-snippet:-1","max-image-preview":"max-image-preview:large","max-video-preview":"max-video-preview:-1"},"canonical":"https:\/\/healthyhomecenter.ca\/fr\/services\/dechets-animaux-et-bioremediation\/","og_locale":"fr_FR","og_type":"article","og_title":"D\u00c9CHETS ANIMAUX ET BIOREM\u00c9DIATION - Healthy Home Center","og_description":"Tous les d\u00e9chets animaux renferment des bact\u00e9ries. Ces d\u00e9chets doivent \u00eatre nettoy\u00e9s et soumis au processus de biorem\u00e9diation. Apprenez-en plus:","og_url":"https:\/\/healthyhomecenter.ca\/fr\/services\/dechets-animaux-et-bioremediation\/","og_site_name":"Healthy Home Center","article_publisher":"https:\/\/www.facebook.com\/Healthy-Home-Center-1683768605283953\/","article_modified_time":"2021-10-06T21:15:20+00:00","og_image":[{"width":1920,"height":853,"url":"https:\/\/healthyhomecenter.ca\/wp-content\/uploads\/2020\/03\/animal-waste-bio-remediation.jpg","type":"image\/jpeg"}],"twitter_card":"summary_large_image","twitter_misc":{"Dur\u00e9e de lecture estim\u00e9e":"3 minutes"},"schema":{"@context":"https:\/\/schema.org","@graph":[{"@type":"WebPage","@id":"https:\/\/healthyhomecenter.ca\/fr\/services\/dechets-animaux-et-bioremediation\/","url":"https:\/\/healthyhomecenter.ca\/fr\/services\/dechets-animaux-et-bioremediation\/","name":"D\u00c9CHETS ANIMAUX ET BIOREM\u00c9DIATION - Healthy Home Center","isPartOf":{"@id":"https:\/\/healthyhomecenter.ca\/#website"},"primaryImageOfPage":{"@id":"https:\/\/healthyhomecenter.ca\/fr\/services\/dechets-animaux-et-bioremediation\/#primaryimage"},"image":{"@id":"https:\/\/healthyhomecenter.ca\/fr\/services\/dechets-animaux-et-bioremediation\/#primaryimage"},"thumbnailUrl":"https:\/\/healthyhomecenter.ca\/wp-content\/uploads\/2020\/03\/animal-waste-bio-remediation.jpg","datePublished":"2020-01-22T19:40:29+00:00","dateModified":"2021-10-06T21:15:20+00:00","description":"Tous les d\u00e9chets animaux renferment des bact\u00e9ries. Ces d\u00e9chets doivent \u00eatre nettoy\u00e9s et soumis au processus de biorem\u00e9diation. Apprenez-en plus:","breadcrumb":{"@id":"https:\/\/healthyhomecenter.ca\/fr\/services\/dechets-animaux-et-bioremediation\/#breadcrumb"},"inLanguage":"fr-FR","potentialAction":[{"@type":"ReadAction","target":["https:\/\/healthyhomecenter.ca\/fr\/services\/dechets-animaux-et-bioremediation\/"]}]},{"@type":"ImageObject","inLanguage":"fr-FR","@id":"https:\/\/healthyhomecenter.ca\/fr\/services\/dechets-animaux-et-bioremediation\/#primaryimage","url":"https:\/\/healthyhomecenter.ca\/wp-content\/uploads\/2020\/03\/animal-waste-bio-remediation.jpg","contentUrl":"https:\/\/healthyhomecenter.ca\/wp-content\/uploads\/2020\/03\/animal-waste-bio-remediation.jpg","width":1920,"height":853,"caption":"animal waste bio remediation Ottawa"},{"@type":"BreadcrumbList","@id":"https:\/\/healthyhomecenter.ca\/fr\/services\/dechets-animaux-et-bioremediation\/#breadcrumb","itemListElement":[{"@type":"ListItem","position":1,"name":"D\u2019ACCUEIL","item":"https:\/\/healthyhomecenter.ca\/fr\/"},{"@type":"ListItem","position":2,"name":"SERVICES","item":"https:\/\/healthyhomecenter.ca\/fr\/services\/"},{"@type":"ListItem","position":3,"name":"D\u00c9CHETS ANIMAUX ET BIOREM\u00c9DIATION"}]},{"@type":"WebSite","@id":"https:\/\/healthyhomecenter.ca\/#website","url":"https:\/\/healthyhomecenter.ca\/","name":"Healthy Home Center","description":"Mold Removal Services in Ottawa","publisher":{"@id":"https:\/\/healthyhomecenter.ca\/#organization"},"potentialAction":[{"@type":"SearchAction","target":{"@type":"EntryPoint","urlTemplate":"https:\/\/healthyhomecenter.ca\/?s={search_term_string}"},"query-input":{"@type":"PropertyValueSpecification","valueRequired":true,"valueName":"search_term_string"}}],"inLanguage":"fr-FR"},{"@type":"Organization","@id":"https:\/\/healthyhomecenter.ca\/#organization","name":"Healthy Home Center","url":"https:\/\/healthyhomecenter.ca\/","logo":{"@type":"ImageObject","inLanguage":"fr-FR","@id":"https:\/\/healthyhomecenter.ca\/#\/schema\/logo\/image\/","url":"https:\/\/healthyhomecen.wpengine.com\/wp-content\/uploads\/2018\/02\/hhg-ico.png","contentUrl":"https:\/\/healthyhomecen.wpengine.com\/wp-content\/uploads\/2018\/02\/hhg-ico.png","width":340,"height":357,"caption":"Healthy Home Center"},"image":{"@id":"https:\/\/healthyhomecenter.ca\/#\/schema\/logo\/image\/"},"sameAs":["https:\/\/www.facebook.com\/Healthy-Home-Center-1683768605283953\/"]}]}},"_links":{"self":[{"href":"https:\/\/healthyhomecenter.ca\/fr\/wp-json\/wp\/v2\/pages\/764","targetHints":{"allow":["GET"]}}],"collection":[{"href":"https:\/\/healthyhomecenter.ca\/fr\/wp-json\/wp\/v2\/pages"}],"about":[{"href":"https:\/\/healthyhomecenter.ca\/fr\/wp-json\/wp\/v2\/types\/page"}],"author":[{"embeddable":true,"href":"https:\/\/healthyhomecenter.ca\/fr\/wp-json\/wp\/v2\/users\/2"}],"replies":[{"embeddable":true,"href":"https:\/\/healthyhomecenter.ca\/fr\/wp-json\/wp\/v2\/comments?post=764"}],"version-history":[{"count":0,"href":"https:\/\/healthyhomecenter.ca\/fr\/wp-json\/wp\/v2\/pages\/764\/revisions"}],"up":[{"embeddable":true,"href":"https:\/\/healthyhomecenter.ca\/fr\/wp-json\/wp\/v2\/pages\/800"}],"wp:featuredmedia":[{"embeddable":true,"href":"https:\/\/healthyhomecenter.ca\/fr\/wp-json\/wp\/v2\/media\/965"}],"wp:attachment":[{"href":"https:\/\/healthyhomecenter.ca\/fr\/wp-json\/wp\/v2\/media?parent=764"}],"wp:term":[{"taxonomy":"post_tag","embeddable":true,"href":"https:\/\/healthyhomecenter.ca\/fr\/wp-json\/wp\/v2\/tags?post=764"}],"curies":[{"name":"wp","href":"https:\/\/api.w.org\/{rel}","templated":true}]}}