{"id":759,"date":"2020-01-22T14:36:30","date_gmt":"2020-01-22T19:36:30","guid":{"rendered":"https:\/\/healthyhomecenter.ca\/?page_id=759"},"modified":"2020-11-27T13:53:28","modified_gmt":"2020-11-27T18:53:28","slug":"nettoyage-de-lieux-encombres","status":"publish","type":"page","link":"https:\/\/healthyhomecenter.ca\/fr\/services\/nettoyage-de-lieux-encombres\/","title":{"rendered":"NETTOYAGE DE LIEUX ENCOMBR\u00c9S"},"content":{"rendered":"<p><div class=\"fusion-fullwidth fullwidth-box fusion-builder-row-1 nonhundred-percent-fullwidth non-hundred-percent-height-scrolling\" style=\"--awb-border-radius-top-left:0px;--awb-border-radius-top-right:0px;--awb-border-radius-bottom-right:0px;--awb-border-radius-bottom-left:0px;--awb-padding-top:100px;--awb-flex-wrap:wrap;\" ><div class=\"fusion-builder-row fusion-row\"><div class=\"fusion-layout-column fusion_builder_column fusion-builder-column-0 fusion_builder_column_1_1 1_1 fusion-one-full fusion-column-first fusion-column-last\" style=\"--awb-bg-size:cover;\"><div class=\"fusion-column-wrapper fusion-flex-column-wrapper-legacy\"><div class=\"fusion-title title fusion-title-1 fusion-sep-none fusion-title-text fusion-title-size-two\" style=\"--awb-margin-top-small:10px;--awb-margin-right-small:0px;--awb-margin-bottom-small:10px;--awb-margin-left-small:0px;\"><h2 class=\"fusion-title-heading title-heading-left fusion-responsive-typography-calculated\" style=\"margin:0;--fontSize:26;line-height:1.5;\"><h2>Il peut \u00eatre tr\u00e8s difficile de g\u00e9rer l\u2019accumulation compulsive<\/h2><\/h2><\/div><div class=\"fusion-text fusion-text-1\"><p><strong>Est-ce que l\u2019accumulation compulsive d\u2019objets affecte votre environnement et votre sant\u00e9?<\/strong><\/p>\n<p><a href=\"http:\/\/www.ementalhealth.ca\/Canada\/Hoarding\/index.php?m=article&amp;ID=13330\" target=\"_blank\" rel=\"noopener noreferrer\"><span style=\"font-weight: 400;\">Le trouble d\u2019accumulation compulsive ou l\u2019accumulation pathologique<\/span><\/a><span style=\"font-weight: 400;\">\u00a0est un tr\u00e8s grave probl\u00e8me.\u00a0 Plusieurs personnes veulent am\u00e9liorer leur sort, mais elles se sentent d\u00e9pass\u00e9es par la quantit\u00e9 de travail n\u00e9cessaire pour leur permettre de recommencer \u00e0 neuf.\u00a0\u00a0<\/span><\/p>\n<p><span style=\"font-weight: 400;\">Notre \u00e9quipe professionnelle accr\u00e9dit\u00e9e et form\u00e9e peut vous aider \u00e0 s\u2019occuper du fouillis d\u2019objets superflus et \u00e0 vous redonner un environnement int\u00e9rieur sain.<\/span><\/p>\n<p><span style=\"font-weight: 400;\">Les sp\u00e9cialistes du nettoyage ne sont pas tous comparables.\u00a0 Notre \u00e9quipe a \u00e9t\u00e9 form\u00e9e et elle est qualifi\u00e9e par des organismes reconnus dans l\u2019industrie.<\/span><\/p>\n<p><span style=\"font-weight: 400;\">Nous ne sommes pas seulement hautement qualifi\u00e9s pour s\u2019occuper des probl\u00e8mes d\u2019encombrement que vous pourriez avoir, mais nous sommes aussi conscients que parfois il faut faire preuve d\u2019empathie et de compr\u00e9hension \u2013 comme dans le cas du d\u00e9c\u00e8s d\u2019un proche.\u00a0 Nous sommes fiers du travail que nous accomplissons ainsi que de notre capacit\u00e9 \u00e0 adopter une approche humaniste dans toute situation donn\u00e9e.\u00a0\u00a0\u00a0<\/span><\/p>\n<p><span style=\"font-weight: 400;\">Notre \u00e9quipe suit une approche syst\u00e9matique pour se d\u00e9barrasser des objets superflus et \u00e9liminer les d\u00e9chets biodangereux avec efficacit\u00e9.\u00a0 <\/span><\/p>\n<\/div><div class=\"fusion-clearfix\"><\/div><\/div><\/div><\/div><\/div><div class=\"fusion-fullwidth fullwidth-box fusion-builder-row-2 nonhundred-percent-fullwidth non-hundred-percent-height-scrolling\" style=\"--awb-border-color:#dddddd;--awb-border-radius-top-left:0px;--awb-border-radius-top-right:0px;--awb-border-radius-bottom-right:0px;--awb-border-radius-bottom-left:0px;--awb-background-color:#f9f9f9;--awb-border-sizes-top:1px;--awb-border-sizes-bottom:1px;--awb-flex-wrap:wrap;\" ><div class=\"fusion-builder-row fusion-row\"><div class=\"fusion-layout-column fusion_builder_column fusion-builder-column-1 fusion_builder_column_1_1 1_1 fusion-one-full fusion-column-first fusion-column-last\" style=\"--awb-bg-size:cover;\"><div class=\"fusion-column-wrapper fusion-flex-column-wrapper-legacy\"><div class=\"fusion-title title fusion-title-2 fusion-sep-none fusion-title-text fusion-title-size-two\" style=\"--awb-margin-top-small:10px;--awb-margin-right-small:0px;--awb-margin-bottom-small:10px;--awb-margin-left-small:0px;\"><h2 class=\"fusion-title-heading title-heading-left fusion-responsive-typography-calculated\" style=\"margin:0;--fontSize:26;line-height:1.5;\"><h2>Sp\u00e9cialistes des lieux encombr\u00e9s :<\/h2><\/h2><\/div><div class=\"fusion-text fusion-text-2\"><div class=\"flex_column av_one_full flex_column_div av-zero-column-padding first avia-builder-el-2 el_after_av_one_full el_before_av_one_half column-top-margin\">\n<section class=\"av_textblock_section\">\n<ul>\n<li class=\"avia_textblock \">Ils portent un \u00e9quipement de protection individuelle (EPI).<\/li>\n<li class=\"avia_textblock \">Ils confinent et isolent le secteur des travaux.<\/li>\n<li class=\"avia_textblock \">Ils d\u00e9pressurisent le secteur par rapport aux pi\u00e8ces adjacentes.<\/li>\n<li class=\"avia_textblock \">Ils enl\u00e8vent, \u00e9liminent, donnent ou recyclent les mat\u00e9riaux.<\/li>\n<li class=\"avia_textblock \">Ils effectuent le nettoyage des particules ultrafines sans produire de poussi\u00e8res.<\/li>\n<li class=\"avia_textblock \">Ils sont des sp\u00e9cialistes dans l\u2019\u00e9limination des moisissures et l\u2019\u00e9chantillonnage d\u2019attestation de la qualit\u00e9 de l\u2019air.<\/li>\n<li class=\"avia_textblock \">Ils d\u00e9sinfectent et d\u00e9contaminent les surfaces habitables suite \u00e0 une maladie ou un d\u00e9c\u00e8s.<\/li>\n<li class=\"avia_textblock \">Ils s\u2019occupent de l\u2019assainissement ad\u00e9quat et de l\u2019\u00e9limination des odeurs.<\/li>\n<li class=\"avia_textblock \">Ils sont d\u00fbment form\u00e9s pour le nettoyage des conduits afin d\u2019am\u00e9liorer la qualit\u00e9 de l\u2019air.<\/li>\n<\/ul>\n<\/section>\n<\/div>\n<div class=\"flex_column av_one_half flex_column_div av-zero-column-padding first avia-builder-el-4 el_after_av_one_full el_before_av_one_half column-top-margin\"><\/div>\n<div class=\"flex_column av_one_half flex_column_div av-zero-column-padding avia-builder-el-7 el_after_av_one_half el_before_av_one_full column-top-margin\">\n<div class=\"av-special-heading av-special-heading-h3 avia-builder-el-8 el_before_av_textblock avia-builder-el-first \"><\/div>\n<\/div>\n<div class=\"flex_column av_one_full flex_column_div av-zero-column-padding first avia-builder-el-10 el_after_av_one_half el_before_av_one_full column-top-margin\">\n<section class=\"av_textblock_section\">\n<div class=\"avia_textblock \"><\/div>\n<\/section>\n<\/div>\n<\/div><div class=\"fusion-clearfix\"><\/div><\/div><\/div><\/div><\/div><div class=\"fusion-fullwidth fullwidth-box fusion-builder-row-3 nonhundred-percent-fullwidth non-hundred-percent-height-scrolling\" style=\"--awb-border-radius-top-left:0px;--awb-border-radius-top-right:0px;--awb-border-radius-bottom-right:0px;--awb-border-radius-bottom-left:0px;--awb-flex-wrap:wrap;\" ><div class=\"fusion-builder-row fusion-row\"><div class=\"fusion-layout-column fusion_builder_column fusion-builder-column-2 fusion_builder_column_1_1 1_1 fusion-one-full fusion-column-first fusion-column-last\" style=\"--awb-bg-size:cover;\"><div class=\"fusion-column-wrapper fusion-flex-column-wrapper-legacy\"><div class=\"fusion-title title fusion-title-3 fusion-sep-none fusion-title-text fusion-title-size-two\" style=\"--awb-margin-top-small:10px;--awb-margin-right-small:0px;--awb-margin-bottom-small:10px;--awb-margin-left-small:0px;\"><h2 class=\"fusion-title-heading title-heading-left fusion-responsive-typography-calculated\" style=\"margin:0;--fontSize:26;line-height:1.5;\"><h2>Service de nettoyage professionnel<\/h2><\/h2><\/div><div class=\"fusion-text fusion-text-3\"><ul>\n<li>Maisons r\u00e9sidentielles<\/li>\n<li>Immeubles commerciaux<\/li>\n<li>\u00c9coles<\/li>\n<li>H\u00f4pitaux<\/li>\n<li>Garderies<\/li>\n<li>Pouponni\u00e8res<\/li>\n<li>Hospices<\/li>\n<li>Complexes domiciliaires<\/li>\n<li>Hameaux<\/li>\n<li>Logements en milieu arctique<\/li>\n<li>Chalets<\/li>\n<li>Bureaux avec conteneurs en acier<\/li>\n<\/ul>\n<\/div><div class=\"fusion-clearfix\"><\/div><\/div><\/div><\/div><\/div><div class=\"fusion-fullwidth fullwidth-box fusion-builder-row-4 nonhundred-percent-fullwidth non-hundred-percent-height-scrolling\" style=\"--awb-border-radius-top-left:0px;--awb-border-radius-top-right:0px;--awb-border-radius-bottom-right:0px;--awb-border-radius-bottom-left:0px;--awb-flex-wrap:wrap;\" ><div class=\"fusion-builder-row fusion-row\"><div class=\"fusion-layout-column fusion_builder_column fusion-builder-column-3 fusion_builder_column_1_1 1_1 fusion-one-full fusion-column-first fusion-column-last\" style=\"--awb-bg-size:cover;\"><div class=\"fusion-column-wrapper fusion-flex-column-wrapper-legacy\"><div class=\"fusion-title title fusion-title-4 fusion-sep-none fusion-title-text fusion-title-size-two\" style=\"--awb-margin-top-small:10px;--awb-margin-right-small:0px;--awb-margin-bottom-small:10px;--awb-margin-left-small:0px;\"><h2 class=\"fusion-title-heading title-heading-left fusion-responsive-typography-calculated\" style=\"margin:0;--fontSize:26;line-height:1.5;\"><h2>L\u2019encombrement<\/h2><\/h2><\/div><div class=\"fusion-text fusion-text-4\"><p>Soyez rassur\u00e9 en ayant recours \u00e0 un professionnel accr\u00e9dit\u00e9 de Healthy Home Center. Nous sommes tr\u00e8s fiers de respecter les r\u00e8gles de l\u2019industrie. Notre mission est de vous donner des r\u00e9sultats exceptionnels qui vous \u00e9paterons sans doute.<\/p>\n<p>Notre \u00e9quipe exp\u00e9riment\u00e9e saura vous redonner un environnement int\u00e9rieur sain avec professionnalisme, courtoisie, compassion et confidentialit\u00e9. T\u00e9l\u00e9phonez-nous pour parler \u00e0 un de nos repr\u00e9sentants. Nous vous promettons que cela en vaut vraiment la peine!<\/p>\n<\/div><div class=\"fusion-clearfix\"><\/div><\/div><\/div><\/div><\/div><\/p>\n","protected":false},"excerpt":{"rendered":"","protected":false},"author":2,"featured_media":0,"parent":800,"menu_order":0,"comment_status":"closed","ping_status":"closed","template":"template-services.php","meta":{"_exactmetrics_skip_tracking":false,"_exactmetrics_sitenote_active":false,"_exactmetrics_sitenote_note":"","_exactmetrics_sitenote_category":0,"footnotes":""},"tags":[],"class_list":["post-759","page","type-page","status-publish","hentry"],"yoast_head":"<!-- This site is optimized with the Yoast SEO plugin v27.4 - https:\/\/yoast.com\/product\/yoast-seo-wordpress\/ -->\n<title>NETTOYAGE DE LIEUX ENCOMBR\u00c9S - Healthy Home Center<\/title>\n<meta name=\"description\" content=\"Nous ne sommes pas seulement qualifi\u00e9s pour s\u2019occuper de vos probl\u00e8mes d\u2019encombrement, nous sommes aussi conscients qu&#039;il faut faire preuve d\u2019empathie.\" \/>\n<meta name=\"robots\" content=\"index, follow, max-snippet:-1, max-image-preview:large, max-video-preview:-1\" \/>\n<link rel=\"canonical\" href=\"https:\/\/healthyhomecenter.ca\/fr\/services\/nettoyage-de-lieux-encombres\/\" \/>\n<meta property=\"og:locale\" content=\"fr_FR\" \/>\n<meta property=\"og:type\" content=\"article\" \/>\n<meta property=\"og:title\" content=\"NETTOYAGE DE LIEUX ENCOMBR\u00c9S - Healthy Home Center\" \/>\n<meta property=\"og:description\" content=\"Nous ne sommes pas seulement qualifi\u00e9s pour s\u2019occuper de vos probl\u00e8mes d\u2019encombrement, nous sommes aussi conscients qu&#039;il faut faire preuve d\u2019empathie.\" \/>\n<meta property=\"og:url\" content=\"https:\/\/healthyhomecenter.ca\/fr\/services\/nettoyage-de-lieux-encombres\/\" \/>\n<meta property=\"og:site_name\" content=\"Healthy Home Center\" \/>\n<meta property=\"article:publisher\" content=\"https:\/\/www.facebook.com\/Healthy-Home-Center-1683768605283953\/\" \/>\n<meta property=\"article:modified_time\" content=\"2020-11-27T18:53:28+00:00\" \/>\n<meta name=\"twitter:card\" content=\"summary_large_image\" \/>\n<meta name=\"twitter:label1\" content=\"Dur\u00e9e de lecture estim\u00e9e\" \/>\n\t<meta name=\"twitter:data1\" content=\"7 minutes\" \/>\n<script type=\"application\/ld+json\" class=\"yoast-schema-graph\">{\"@context\":\"https:\\\/\\\/schema.org\",\"@graph\":[{\"@type\":\"WebPage\",\"@id\":\"https:\\\/\\\/healthyhomecenter.ca\\\/fr\\\/services\\\/nettoyage-de-lieux-encombres\\\/\",\"url\":\"https:\\\/\\\/healthyhomecenter.ca\\\/fr\\\/services\\\/nettoyage-de-lieux-encombres\\\/\",\"name\":\"NETTOYAGE DE LIEUX ENCOMBR\u00c9S - Healthy Home Center\",\"isPartOf\":{\"@id\":\"https:\\\/\\\/healthyhomecenter.ca\\\/#website\"},\"datePublished\":\"2020-01-22T19:36:30+00:00\",\"dateModified\":\"2020-11-27T18:53:28+00:00\",\"description\":\"Nous ne sommes pas seulement qualifi\u00e9s pour s\u2019occuper de vos probl\u00e8mes d\u2019encombrement, nous sommes aussi conscients qu'il faut faire preuve d\u2019empathie.\",\"breadcrumb\":{\"@id\":\"https:\\\/\\\/healthyhomecenter.ca\\\/fr\\\/services\\\/nettoyage-de-lieux-encombres\\\/#breadcrumb\"},\"inLanguage\":\"fr-FR\",\"potentialAction\":[{\"@type\":\"ReadAction\",\"target\":[\"https:\\\/\\\/healthyhomecenter.ca\\\/fr\\\/services\\\/nettoyage-de-lieux-encombres\\\/\"]}]},{\"@type\":\"BreadcrumbList\",\"@id\":\"https:\\\/\\\/healthyhomecenter.ca\\\/fr\\\/services\\\/nettoyage-de-lieux-encombres\\\/#breadcrumb\",\"itemListElement\":[{\"@type\":\"ListItem\",\"position\":1,\"name\":\"D\u2019ACCUEIL\",\"item\":\"https:\\\/\\\/healthyhomecenter.ca\\\/fr\\\/\"},{\"@type\":\"ListItem\",\"position\":2,\"name\":\"SERVICES\",\"item\":\"https:\\\/\\\/healthyhomecenter.ca\\\/fr\\\/services\\\/\"},{\"@type\":\"ListItem\",\"position\":3,\"name\":\"NETTOYAGE DE LIEUX ENCOMBR\u00c9S\"}]},{\"@type\":\"WebSite\",\"@id\":\"https:\\\/\\\/healthyhomecenter.ca\\\/#website\",\"url\":\"https:\\\/\\\/healthyhomecenter.ca\\\/\",\"name\":\"Healthy Home Center\",\"description\":\"Mold Removal Services in Ottawa\",\"publisher\":{\"@id\":\"https:\\\/\\\/healthyhomecenter.ca\\\/#organization\"},\"potentialAction\":[{\"@type\":\"SearchAction\",\"target\":{\"@type\":\"EntryPoint\",\"urlTemplate\":\"https:\\\/\\\/healthyhomecenter.ca\\\/?s={search_term_string}\"},\"query-input\":{\"@type\":\"PropertyValueSpecification\",\"valueRequired\":true,\"valueName\":\"search_term_string\"}}],\"inLanguage\":\"fr-FR\"},{\"@type\":\"Organization\",\"@id\":\"https:\\\/\\\/healthyhomecenter.ca\\\/#organization\",\"name\":\"Healthy Home Center\",\"url\":\"https:\\\/\\\/healthyhomecenter.ca\\\/\",\"logo\":{\"@type\":\"ImageObject\",\"inLanguage\":\"fr-FR\",\"@id\":\"https:\\\/\\\/healthyhomecenter.ca\\\/#\\\/schema\\\/logo\\\/image\\\/\",\"url\":\"https:\\\/\\\/healthyhomecen.wpengine.com\\\/wp-content\\\/uploads\\\/2018\\\/02\\\/hhg-ico.png\",\"contentUrl\":\"https:\\\/\\\/healthyhomecen.wpengine.com\\\/wp-content\\\/uploads\\\/2018\\\/02\\\/hhg-ico.png\",\"width\":340,\"height\":357,\"caption\":\"Healthy Home Center\"},\"image\":{\"@id\":\"https:\\\/\\\/healthyhomecenter.ca\\\/#\\\/schema\\\/logo\\\/image\\\/\"},\"sameAs\":[\"https:\\\/\\\/www.facebook.com\\\/Healthy-Home-Center-1683768605283953\\\/\"]}]}<\/script>\n<!-- \/ Yoast SEO plugin. -->","yoast_head_json":{"title":"NETTOYAGE DE LIEUX ENCOMBR\u00c9S - Healthy Home Center","description":"Nous ne sommes pas seulement qualifi\u00e9s pour s\u2019occuper de vos probl\u00e8mes d\u2019encombrement, nous sommes aussi conscients qu'il faut faire preuve d\u2019empathie.","robots":{"index":"index","follow":"follow","max-snippet":"max-snippet:-1","max-image-preview":"max-image-preview:large","max-video-preview":"max-video-preview:-1"},"canonical":"https:\/\/healthyhomecenter.ca\/fr\/services\/nettoyage-de-lieux-encombres\/","og_locale":"fr_FR","og_type":"article","og_title":"NETTOYAGE DE LIEUX ENCOMBR\u00c9S - Healthy Home Center","og_description":"Nous ne sommes pas seulement qualifi\u00e9s pour s\u2019occuper de vos probl\u00e8mes d\u2019encombrement, nous sommes aussi conscients qu'il faut faire preuve d\u2019empathie.","og_url":"https:\/\/healthyhomecenter.ca\/fr\/services\/nettoyage-de-lieux-encombres\/","og_site_name":"Healthy Home Center","article_publisher":"https:\/\/www.facebook.com\/Healthy-Home-Center-1683768605283953\/","article_modified_time":"2020-11-27T18:53:28+00:00","twitter_card":"summary_large_image","twitter_misc":{"Dur\u00e9e de lecture estim\u00e9e":"7 minutes"},"schema":{"@context":"https:\/\/schema.org","@graph":[{"@type":"WebPage","@id":"https:\/\/healthyhomecenter.ca\/fr\/services\/nettoyage-de-lieux-encombres\/","url":"https:\/\/healthyhomecenter.ca\/fr\/services\/nettoyage-de-lieux-encombres\/","name":"NETTOYAGE DE LIEUX ENCOMBR\u00c9S - Healthy Home Center","isPartOf":{"@id":"https:\/\/healthyhomecenter.ca\/#website"},"datePublished":"2020-01-22T19:36:30+00:00","dateModified":"2020-11-27T18:53:28+00:00","description":"Nous ne sommes pas seulement qualifi\u00e9s pour s\u2019occuper de vos probl\u00e8mes d\u2019encombrement, nous sommes aussi conscients qu'il faut faire preuve d\u2019empathie.","breadcrumb":{"@id":"https:\/\/healthyhomecenter.ca\/fr\/services\/nettoyage-de-lieux-encombres\/#breadcrumb"},"inLanguage":"fr-FR","potentialAction":[{"@type":"ReadAction","target":["https:\/\/healthyhomecenter.ca\/fr\/services\/nettoyage-de-lieux-encombres\/"]}]},{"@type":"BreadcrumbList","@id":"https:\/\/healthyhomecenter.ca\/fr\/services\/nettoyage-de-lieux-encombres\/#breadcrumb","itemListElement":[{"@type":"ListItem","position":1,"name":"D\u2019ACCUEIL","item":"https:\/\/healthyhomecenter.ca\/fr\/"},{"@type":"ListItem","position":2,"name":"SERVICES","item":"https:\/\/healthyhomecenter.ca\/fr\/services\/"},{"@type":"ListItem","position":3,"name":"NETTOYAGE DE LIEUX ENCOMBR\u00c9S"}]},{"@type":"WebSite","@id":"https:\/\/healthyhomecenter.ca\/#website","url":"https:\/\/healthyhomecenter.ca\/","name":"Healthy Home Center","description":"Mold Removal Services in Ottawa","publisher":{"@id":"https:\/\/healthyhomecenter.ca\/#organization"},"potentialAction":[{"@type":"SearchAction","target":{"@type":"EntryPoint","urlTemplate":"https:\/\/healthyhomecenter.ca\/?s={search_term_string}"},"query-input":{"@type":"PropertyValueSpecification","valueRequired":true,"valueName":"search_term_string"}}],"inLanguage":"fr-FR"},{"@type":"Organization","@id":"https:\/\/healthyhomecenter.ca\/#organization","name":"Healthy Home Center","url":"https:\/\/healthyhomecenter.ca\/","logo":{"@type":"ImageObject","inLanguage":"fr-FR","@id":"https:\/\/healthyhomecenter.ca\/#\/schema\/logo\/image\/","url":"https:\/\/healthyhomecen.wpengine.com\/wp-content\/uploads\/2018\/02\/hhg-ico.png","contentUrl":"https:\/\/healthyhomecen.wpengine.com\/wp-content\/uploads\/2018\/02\/hhg-ico.png","width":340,"height":357,"caption":"Healthy Home Center"},"image":{"@id":"https:\/\/healthyhomecenter.ca\/#\/schema\/logo\/image\/"},"sameAs":["https:\/\/www.facebook.com\/Healthy-Home-Center-1683768605283953\/"]}]}},"_links":{"self":[{"href":"https:\/\/healthyhomecenter.ca\/fr\/wp-json\/wp\/v2\/pages\/759","targetHints":{"allow":["GET"]}}],"collection":[{"href":"https:\/\/healthyhomecenter.ca\/fr\/wp-json\/wp\/v2\/pages"}],"about":[{"href":"https:\/\/healthyhomecenter.ca\/fr\/wp-json\/wp\/v2\/types\/page"}],"author":[{"embeddable":true,"href":"https:\/\/healthyhomecenter.ca\/fr\/wp-json\/wp\/v2\/users\/2"}],"replies":[{"embeddable":true,"href":"https:\/\/healthyhomecenter.ca\/fr\/wp-json\/wp\/v2\/comments?post=759"}],"version-history":[{"count":0,"href":"https:\/\/healthyhomecenter.ca\/fr\/wp-json\/wp\/v2\/pages\/759\/revisions"}],"up":[{"embeddable":true,"href":"https:\/\/healthyhomecenter.ca\/fr\/wp-json\/wp\/v2\/pages\/800"}],"wp:attachment":[{"href":"https:\/\/healthyhomecenter.ca\/fr\/wp-json\/wp\/v2\/media?parent=759"}],"wp:term":[{"taxonomy":"post_tag","embeddable":true,"href":"https:\/\/healthyhomecenter.ca\/fr\/wp-json\/wp\/v2\/tags?post=759"}],"curies":[{"name":"wp","href":"https:\/\/api.w.org\/{rel}","templated":true}]}}