{"id":757,"date":"2020-01-22T14:34:08","date_gmt":"2020-01-22T19:34:08","guid":{"rendered":"https:\/\/healthyhomecenter.ca\/?page_id=757"},"modified":"2020-11-27T13:59:31","modified_gmt":"2020-11-27T18:59:31","slug":"renovations-et-refections","status":"publish","type":"page","link":"https:\/\/healthyhomecenter.ca\/fr\/services\/renovations-et-refections\/","title":{"rendered":"R\u00c9NOVATIONS ET R\u00c9FECTIONS"},"content":{"rendered":"<p><div class=\"fusion-fullwidth fullwidth-box fusion-builder-row-1 nonhundred-percent-fullwidth non-hundred-percent-height-scrolling\" style=\"--awb-border-radius-top-left:0px;--awb-border-radius-top-right:0px;--awb-border-radius-bottom-right:0px;--awb-border-radius-bottom-left:0px;--awb-padding-top:100px;--awb-flex-wrap:wrap;\" ><div class=\"fusion-builder-row fusion-row\"><div class=\"fusion-layout-column fusion_builder_column fusion-builder-column-0 fusion_builder_column_1_1 1_1 fusion-one-full fusion-column-first fusion-column-last\" style=\"--awb-bg-size:cover;\"><div class=\"fusion-column-wrapper fusion-flex-column-wrapper-legacy\"><div class=\"fusion-text fusion-text-1\"><p>L\u2019\u00e9quipe de <strong>Healthy Home Center<\/strong> peut vous offrir une maison \u00e9cologique exempte de poussi\u00e8res et \u00e0 faible concentration en COV gr\u00e2ce \u00e0 ses 25 ann\u00e9es d\u2019exp\u00e9rience dans le domaine.<\/p>\n<p><span style=\"font-weight: 400;\">Tous les secteurs des travaux sont consid\u00e9r\u00e9s comme des zones comportant des mati\u00e8res dangereuses.<\/span><\/p>\n<p><span style=\"font-weight: 400;\">Les techniciens installent des barri\u00e8res critiques et se servent de ventilateurs d\u2019extraction dans le secteur des travaux pour \u00e9vacuer les poussi\u00e8res produites lors de la construction \u00e0 l\u2019int\u00e9rieur du b\u00e2timent au cours de tous les travaux de r\u00e9novation\/construction<\/span><\/p>\n<p><span style=\"font-weight: 400;\">La r\u00e9fection ou la r\u00e9novation des cuisines, des salles de toilette et des sous-sols est ex\u00e9cut\u00e9e en se servant des mat\u00e9riaux antimicrobiens et antifongiques les plus r\u00e9cents comportant des propri\u00e9t\u00e9s de protection contre l\u2019humidit\u00e9 et les moisissures.<\/span><\/p>\n<p><span style=\"font-weight: 400;\">Nos techniciens professionnels sont en mesure de concevoir et produire des plans et de vous aider \u00e0 choisir les meilleurs mat\u00e9riaux pour vos r\u00e9novations ou vos r\u00e9fections. <\/span><\/p>\n<\/div><div class=\"fusion-clearfix\"><\/div><\/div><\/div><\/div><\/div><div class=\"fusion-fullwidth fullwidth-box fusion-builder-row-2 nonhundred-percent-fullwidth non-hundred-percent-height-scrolling\" style=\"--awb-border-radius-top-left:0px;--awb-border-radius-top-right:0px;--awb-border-radius-bottom-right:0px;--awb-border-radius-bottom-left:0px;--awb-flex-wrap:wrap;\" ><div class=\"fusion-builder-row fusion-row\"><div class=\"fusion-layout-column fusion_builder_column fusion-builder-column-1 fusion_builder_column_1_1 1_1 fusion-one-full fusion-column-first fusion-column-last\" style=\"--awb-bg-size:cover;\"><div class=\"fusion-column-wrapper fusion-flex-column-wrapper-legacy\"><div class=\"fusion-title title fusion-title-1 fusion-sep-none fusion-title-text fusion-title-size-three\" style=\"--awb-margin-top:1em;--awb-margin-bottom:1em;--awb-margin-top-small:10px;--awb-margin-right-small:0px;--awb-margin-bottom-small:10px;--awb-margin-left-small:0px;\"><h3 class=\"fusion-title-heading title-heading-left fusion-responsive-typography-calculated\" style=\"margin:0;--fontSize:22;line-height:1.5;\">Apr\u00e8s la construction<\/h3><\/div><div class=\"fusion-text fusion-text-2\"><p><span style=\"font-weight: 400;\">Tous les travaux de construction engendrent des poussi\u00e8res excessives.\u00a0 Dans les maisons plus anciennes, il peut y avoir perturbation de moisissures, d\u2019amiante ou de particules de plomb au cours de la construction.\u00a0 Un simple nettoyage NE SUFFIT PAS.\u00a0\u00a0<\/span><\/p>\n<p><span style=\"font-weight: 400;\">Il est absolument n\u00e9cessaire de nettoyer les particules ultrafines avant d\u2019occuper le b\u00e2timent pour garantir un environnement sain et exempt de particules toxiques en a\u00e9rosol.\u00a0 Il faut alors avoir recours \u00e0 un technicien sp\u00e9cialis\u00e9 dans les mat\u00e9riaux dangereux pour s\u2019assurer rapidement et de fa\u00e7on professionnelle que votre maison est saine apr\u00e8s la construction.\u00a0\u00a0<\/span><\/p>\n<p><span style=\"font-weight: 400;\">Le comptage des particules ultrafines requiert des aspirateurs sp\u00e9cialis\u00e9s, des laveurs d\u2019air, du mat\u00e9riel de brumisation et des personnes ayant re\u00e7u une formation pour enlever en toute s\u00e9curit\u00e9 les r\u00e9sidus des d\u00e9bris li\u00e9s \u00e0 la construction.\u00a0 Les mat\u00e9riaux de construction renfermant de l\u2019amiante ont \u00e9t\u00e9 utilis\u00e9s au Canada jusqu\u2019en 1985 et les peintures \u00e0 base de plomb ont \u00e9t\u00e9 utilis\u00e9s dans les maisons construites jusqu\u2019au milieu des ann\u00e9es 1960. Il peut y avoir des moisissures dans toutes les maisons \u2013 r\u00e9centes ou anciennes.\u00a0 Les travaux de construction mettent ces particules en a\u00e9rosol et celles-ci se d\u00e9posent ensuite sur toutes les surfaces de la maison. Il n\u2019y a qu\u2019un nettoyage \u00e9prouv\u00e9 des particules ultrafines qui peut \u00e9liminer ces contaminants qui se sont d\u00e9pos\u00e9s sur les surfaces.<\/span><\/p>\n<\/div><div class=\"fusion-clearfix\"><\/div><\/div><\/div><\/div><\/div><\/p>\n","protected":false},"excerpt":{"rendered":"","protected":false},"author":2,"featured_media":955,"parent":800,"menu_order":0,"comment_status":"closed","ping_status":"closed","template":"template-services.php","meta":{"_exactmetrics_skip_tracking":false,"_exactmetrics_sitenote_active":false,"_exactmetrics_sitenote_note":"","_exactmetrics_sitenote_category":0,"footnotes":""},"tags":[],"class_list":["post-757","page","type-page","status-publish","has-post-thumbnail","hentry"],"yoast_head":"<!-- This site is optimized with the Yoast SEO plugin v27.5 - https:\/\/yoast.com\/product\/yoast-seo-wordpress\/ -->\n<title>R\u00c9NOVATIONS ET R\u00c9FECTIONS - Healthy Home Center<\/title>\n<meta name=\"description\" content=\"L\u2019\u00e9quipe de Healthy Home Center peut vous offrir une maison \u00e9cologique exempte de poussi\u00e8res et \u00e0 faible concentration en COV. Apprenez-en plus:\" \/>\n<meta name=\"robots\" content=\"index, follow, max-snippet:-1, max-image-preview:large, max-video-preview:-1\" \/>\n<link rel=\"canonical\" href=\"https:\/\/healthyhomecenter.ca\/fr\/services\/renovations-et-refections\/\" \/>\n<meta property=\"og:locale\" content=\"fr_FR\" \/>\n<meta property=\"og:type\" content=\"article\" \/>\n<meta property=\"og:title\" content=\"R\u00c9NOVATIONS ET R\u00c9FECTIONS - Healthy Home Center\" \/>\n<meta property=\"og:description\" content=\"L\u2019\u00e9quipe de Healthy Home Center peut vous offrir une maison \u00e9cologique exempte de poussi\u00e8res et \u00e0 faible concentration en COV. Apprenez-en plus:\" \/>\n<meta property=\"og:url\" content=\"https:\/\/healthyhomecenter.ca\/fr\/services\/renovations-et-refections\/\" \/>\n<meta property=\"og:site_name\" content=\"Healthy Home Center\" \/>\n<meta property=\"article:publisher\" content=\"https:\/\/www.facebook.com\/Healthy-Home-Center-1683768605283953\/\" \/>\n<meta property=\"article:modified_time\" content=\"2020-11-27T18:59:31+00:00\" \/>\n<meta property=\"og:image\" content=\"https:\/\/healthyhomecenter.ca\/wp-content\/uploads\/2020\/03\/renovations-and-rebuilds.jpg\" \/>\n\t<meta property=\"og:image:width\" content=\"1920\" \/>\n\t<meta property=\"og:image:height\" content=\"853\" \/>\n\t<meta property=\"og:image:type\" content=\"image\/jpeg\" \/>\n<meta name=\"twitter:card\" content=\"summary_large_image\" \/>\n<meta name=\"twitter:label1\" content=\"Dur\u00e9e de lecture estim\u00e9e\" \/>\n\t<meta name=\"twitter:data1\" content=\"4 minutes\" \/>\n<script type=\"application\/ld+json\" class=\"yoast-schema-graph\">{\"@context\":\"https:\\\/\\\/schema.org\",\"@graph\":[{\"@type\":\"WebPage\",\"@id\":\"https:\\\/\\\/healthyhomecenter.ca\\\/fr\\\/services\\\/renovations-et-refections\\\/\",\"url\":\"https:\\\/\\\/healthyhomecenter.ca\\\/fr\\\/services\\\/renovations-et-refections\\\/\",\"name\":\"R\u00c9NOVATIONS ET R\u00c9FECTIONS - Healthy Home Center\",\"isPartOf\":{\"@id\":\"https:\\\/\\\/healthyhomecenter.ca\\\/#website\"},\"primaryImageOfPage\":{\"@id\":\"https:\\\/\\\/healthyhomecenter.ca\\\/fr\\\/services\\\/renovations-et-refections\\\/#primaryimage\"},\"image\":{\"@id\":\"https:\\\/\\\/healthyhomecenter.ca\\\/fr\\\/services\\\/renovations-et-refections\\\/#primaryimage\"},\"thumbnailUrl\":\"https:\\\/\\\/healthyhomecenter.ca\\\/wp-content\\\/uploads\\\/2020\\\/03\\\/renovations-and-rebuilds.jpg\",\"datePublished\":\"2020-01-22T19:34:08+00:00\",\"dateModified\":\"2020-11-27T18:59:31+00:00\",\"description\":\"L\u2019\u00e9quipe de Healthy Home Center peut vous offrir une maison \u00e9cologique exempte de poussi\u00e8res et \u00e0 faible concentration en COV. Apprenez-en plus:\",\"breadcrumb\":{\"@id\":\"https:\\\/\\\/healthyhomecenter.ca\\\/fr\\\/services\\\/renovations-et-refections\\\/#breadcrumb\"},\"inLanguage\":\"fr-FR\",\"potentialAction\":[{\"@type\":\"ReadAction\",\"target\":[\"https:\\\/\\\/healthyhomecenter.ca\\\/fr\\\/services\\\/renovations-et-refections\\\/\"]}]},{\"@type\":\"ImageObject\",\"inLanguage\":\"fr-FR\",\"@id\":\"https:\\\/\\\/healthyhomecenter.ca\\\/fr\\\/services\\\/renovations-et-refections\\\/#primaryimage\",\"url\":\"https:\\\/\\\/healthyhomecenter.ca\\\/wp-content\\\/uploads\\\/2020\\\/03\\\/renovations-and-rebuilds.jpg\",\"contentUrl\":\"https:\\\/\\\/healthyhomecenter.ca\\\/wp-content\\\/uploads\\\/2020\\\/03\\\/renovations-and-rebuilds.jpg\",\"width\":1920,\"height\":853,\"caption\":\"renovations and rebuild services Ottawa\"},{\"@type\":\"BreadcrumbList\",\"@id\":\"https:\\\/\\\/healthyhomecenter.ca\\\/fr\\\/services\\\/renovations-et-refections\\\/#breadcrumb\",\"itemListElement\":[{\"@type\":\"ListItem\",\"position\":1,\"name\":\"D\u2019ACCUEIL\",\"item\":\"https:\\\/\\\/healthyhomecenter.ca\\\/fr\\\/\"},{\"@type\":\"ListItem\",\"position\":2,\"name\":\"SERVICES\",\"item\":\"https:\\\/\\\/healthyhomecenter.ca\\\/fr\\\/services\\\/\"},{\"@type\":\"ListItem\",\"position\":3,\"name\":\"R\u00c9NOVATIONS ET R\u00c9FECTIONS\"}]},{\"@type\":\"WebSite\",\"@id\":\"https:\\\/\\\/healthyhomecenter.ca\\\/#website\",\"url\":\"https:\\\/\\\/healthyhomecenter.ca\\\/\",\"name\":\"Healthy Home Center\",\"description\":\"Mold Removal Services in Ottawa\",\"publisher\":{\"@id\":\"https:\\\/\\\/healthyhomecenter.ca\\\/#organization\"},\"potentialAction\":[{\"@type\":\"SearchAction\",\"target\":{\"@type\":\"EntryPoint\",\"urlTemplate\":\"https:\\\/\\\/healthyhomecenter.ca\\\/?s={search_term_string}\"},\"query-input\":{\"@type\":\"PropertyValueSpecification\",\"valueRequired\":true,\"valueName\":\"search_term_string\"}}],\"inLanguage\":\"fr-FR\"},{\"@type\":\"Organization\",\"@id\":\"https:\\\/\\\/healthyhomecenter.ca\\\/#organization\",\"name\":\"Healthy Home Center\",\"url\":\"https:\\\/\\\/healthyhomecenter.ca\\\/\",\"logo\":{\"@type\":\"ImageObject\",\"inLanguage\":\"fr-FR\",\"@id\":\"https:\\\/\\\/healthyhomecenter.ca\\\/#\\\/schema\\\/logo\\\/image\\\/\",\"url\":\"https:\\\/\\\/healthyhomecen.wpengine.com\\\/wp-content\\\/uploads\\\/2018\\\/02\\\/hhg-ico.png\",\"contentUrl\":\"https:\\\/\\\/healthyhomecen.wpengine.com\\\/wp-content\\\/uploads\\\/2018\\\/02\\\/hhg-ico.png\",\"width\":340,\"height\":357,\"caption\":\"Healthy Home Center\"},\"image\":{\"@id\":\"https:\\\/\\\/healthyhomecenter.ca\\\/#\\\/schema\\\/logo\\\/image\\\/\"},\"sameAs\":[\"https:\\\/\\\/www.facebook.com\\\/Healthy-Home-Center-1683768605283953\\\/\"]}]}<\/script>\n<!-- \/ Yoast SEO plugin. -->","yoast_head_json":{"title":"R\u00c9NOVATIONS ET R\u00c9FECTIONS - Healthy Home Center","description":"L\u2019\u00e9quipe de Healthy Home Center peut vous offrir une maison \u00e9cologique exempte de poussi\u00e8res et \u00e0 faible concentration en COV. Apprenez-en plus:","robots":{"index":"index","follow":"follow","max-snippet":"max-snippet:-1","max-image-preview":"max-image-preview:large","max-video-preview":"max-video-preview:-1"},"canonical":"https:\/\/healthyhomecenter.ca\/fr\/services\/renovations-et-refections\/","og_locale":"fr_FR","og_type":"article","og_title":"R\u00c9NOVATIONS ET R\u00c9FECTIONS - Healthy Home Center","og_description":"L\u2019\u00e9quipe de Healthy Home Center peut vous offrir une maison \u00e9cologique exempte de poussi\u00e8res et \u00e0 faible concentration en COV. Apprenez-en plus:","og_url":"https:\/\/healthyhomecenter.ca\/fr\/services\/renovations-et-refections\/","og_site_name":"Healthy Home Center","article_publisher":"https:\/\/www.facebook.com\/Healthy-Home-Center-1683768605283953\/","article_modified_time":"2020-11-27T18:59:31+00:00","og_image":[{"width":1920,"height":853,"url":"https:\/\/healthyhomecenter.ca\/wp-content\/uploads\/2020\/03\/renovations-and-rebuilds.jpg","type":"image\/jpeg"}],"twitter_card":"summary_large_image","twitter_misc":{"Dur\u00e9e de lecture estim\u00e9e":"4 minutes"},"schema":{"@context":"https:\/\/schema.org","@graph":[{"@type":"WebPage","@id":"https:\/\/healthyhomecenter.ca\/fr\/services\/renovations-et-refections\/","url":"https:\/\/healthyhomecenter.ca\/fr\/services\/renovations-et-refections\/","name":"R\u00c9NOVATIONS ET R\u00c9FECTIONS - Healthy Home Center","isPartOf":{"@id":"https:\/\/healthyhomecenter.ca\/#website"},"primaryImageOfPage":{"@id":"https:\/\/healthyhomecenter.ca\/fr\/services\/renovations-et-refections\/#primaryimage"},"image":{"@id":"https:\/\/healthyhomecenter.ca\/fr\/services\/renovations-et-refections\/#primaryimage"},"thumbnailUrl":"https:\/\/healthyhomecenter.ca\/wp-content\/uploads\/2020\/03\/renovations-and-rebuilds.jpg","datePublished":"2020-01-22T19:34:08+00:00","dateModified":"2020-11-27T18:59:31+00:00","description":"L\u2019\u00e9quipe de Healthy Home Center peut vous offrir une maison \u00e9cologique exempte de poussi\u00e8res et \u00e0 faible concentration en COV. Apprenez-en plus:","breadcrumb":{"@id":"https:\/\/healthyhomecenter.ca\/fr\/services\/renovations-et-refections\/#breadcrumb"},"inLanguage":"fr-FR","potentialAction":[{"@type":"ReadAction","target":["https:\/\/healthyhomecenter.ca\/fr\/services\/renovations-et-refections\/"]}]},{"@type":"ImageObject","inLanguage":"fr-FR","@id":"https:\/\/healthyhomecenter.ca\/fr\/services\/renovations-et-refections\/#primaryimage","url":"https:\/\/healthyhomecenter.ca\/wp-content\/uploads\/2020\/03\/renovations-and-rebuilds.jpg","contentUrl":"https:\/\/healthyhomecenter.ca\/wp-content\/uploads\/2020\/03\/renovations-and-rebuilds.jpg","width":1920,"height":853,"caption":"renovations and rebuild services Ottawa"},{"@type":"BreadcrumbList","@id":"https:\/\/healthyhomecenter.ca\/fr\/services\/renovations-et-refections\/#breadcrumb","itemListElement":[{"@type":"ListItem","position":1,"name":"D\u2019ACCUEIL","item":"https:\/\/healthyhomecenter.ca\/fr\/"},{"@type":"ListItem","position":2,"name":"SERVICES","item":"https:\/\/healthyhomecenter.ca\/fr\/services\/"},{"@type":"ListItem","position":3,"name":"R\u00c9NOVATIONS ET R\u00c9FECTIONS"}]},{"@type":"WebSite","@id":"https:\/\/healthyhomecenter.ca\/#website","url":"https:\/\/healthyhomecenter.ca\/","name":"Healthy Home Center","description":"Mold Removal Services in Ottawa","publisher":{"@id":"https:\/\/healthyhomecenter.ca\/#organization"},"potentialAction":[{"@type":"SearchAction","target":{"@type":"EntryPoint","urlTemplate":"https:\/\/healthyhomecenter.ca\/?s={search_term_string}"},"query-input":{"@type":"PropertyValueSpecification","valueRequired":true,"valueName":"search_term_string"}}],"inLanguage":"fr-FR"},{"@type":"Organization","@id":"https:\/\/healthyhomecenter.ca\/#organization","name":"Healthy Home Center","url":"https:\/\/healthyhomecenter.ca\/","logo":{"@type":"ImageObject","inLanguage":"fr-FR","@id":"https:\/\/healthyhomecenter.ca\/#\/schema\/logo\/image\/","url":"https:\/\/healthyhomecen.wpengine.com\/wp-content\/uploads\/2018\/02\/hhg-ico.png","contentUrl":"https:\/\/healthyhomecen.wpengine.com\/wp-content\/uploads\/2018\/02\/hhg-ico.png","width":340,"height":357,"caption":"Healthy Home Center"},"image":{"@id":"https:\/\/healthyhomecenter.ca\/#\/schema\/logo\/image\/"},"sameAs":["https:\/\/www.facebook.com\/Healthy-Home-Center-1683768605283953\/"]}]}},"_links":{"self":[{"href":"https:\/\/healthyhomecenter.ca\/fr\/wp-json\/wp\/v2\/pages\/757","targetHints":{"allow":["GET"]}}],"collection":[{"href":"https:\/\/healthyhomecenter.ca\/fr\/wp-json\/wp\/v2\/pages"}],"about":[{"href":"https:\/\/healthyhomecenter.ca\/fr\/wp-json\/wp\/v2\/types\/page"}],"author":[{"embeddable":true,"href":"https:\/\/healthyhomecenter.ca\/fr\/wp-json\/wp\/v2\/users\/2"}],"replies":[{"embeddable":true,"href":"https:\/\/healthyhomecenter.ca\/fr\/wp-json\/wp\/v2\/comments?post=757"}],"version-history":[{"count":0,"href":"https:\/\/healthyhomecenter.ca\/fr\/wp-json\/wp\/v2\/pages\/757\/revisions"}],"up":[{"embeddable":true,"href":"https:\/\/healthyhomecenter.ca\/fr\/wp-json\/wp\/v2\/pages\/800"}],"wp:featuredmedia":[{"embeddable":true,"href":"https:\/\/healthyhomecenter.ca\/fr\/wp-json\/wp\/v2\/media\/955"}],"wp:attachment":[{"href":"https:\/\/healthyhomecenter.ca\/fr\/wp-json\/wp\/v2\/media?parent=757"}],"wp:term":[{"taxonomy":"post_tag","embeddable":true,"href":"https:\/\/healthyhomecenter.ca\/fr\/wp-json\/wp\/v2\/tags?post=757"}],"curies":[{"name":"wp","href":"https:\/\/api.w.org\/{rel}","templated":true}]}}