{"id":755,"date":"2020-01-22T14:29:23","date_gmt":"2020-01-22T19:29:23","guid":{"rendered":"https:\/\/healthyhomecenter.ca\/?page_id=755"},"modified":"2020-11-27T13:58:15","modified_gmt":"2020-11-27T18:58:15","slug":"particules-ultrafines","status":"publish","type":"page","link":"https:\/\/healthyhomecenter.ca\/fr\/services\/particules-ultrafines\/","title":{"rendered":"PARTICULES ULTRAFINES"},"content":{"rendered":"<p><div class=\"fusion-fullwidth fullwidth-box fusion-builder-row-1 nonhundred-percent-fullwidth non-hundred-percent-height-scrolling\" style=\"--awb-border-radius-top-left:0px;--awb-border-radius-top-right:0px;--awb-border-radius-bottom-right:0px;--awb-border-radius-bottom-left:0px;--awb-padding-top:100px;--awb-flex-wrap:wrap;\" ><div class=\"fusion-builder-row fusion-row\"><div class=\"fusion-layout-column fusion_builder_column fusion-builder-column-0 fusion_builder_column_1_1 1_1 fusion-one-full fusion-column-first fusion-column-last\" style=\"--awb-bg-size:cover;\"><div class=\"fusion-column-wrapper fusion-flex-column-wrapper-legacy\"><div class=\"fusion-title title fusion-title-1 fusion-sep-none fusion-title-text fusion-title-size-three\" style=\"--awb-margin-top-small:10px;--awb-margin-right-small:0px;--awb-margin-bottom-small:10px;--awb-margin-left-small:0px;\"><h3 class=\"fusion-title-heading title-heading-left fusion-responsive-typography-calculated\" style=\"margin:0;--fontSize:22;line-height:1.5;\">Qu\u2019est-ce que les particules ultrafines?<\/h3><\/div><div class=\"fusion-text fusion-text-1\"><p>Les particules ultrafines d\u00e9signent les tr\u00e8s petites particules et les poussi\u00e8res qui s\u2019accumulent dans l\u2019environnement int\u00e9rieur qui deviennent tellement fines qu\u2019elles se transforment en a\u00e9rosol. Les particules ultrafines seraient la cause de probl\u00e8mes de sant\u00e9 plus graves que ceux qui existent en pr\u00e9sence de plus grosses particules.<\/p>\n<p>Au fil du temps, toutes les activit\u00e9s que pratiquent les occupants \u00e0 l\u2019int\u00e9rieur produisent des particules, des cellules cutan\u00e9es, des squames, des acariens de la poussi\u00e8re domestique, des mati\u00e8res f\u00e9cales, des moisissures, des m\u00e9taux, etc. Ces particules se d\u00e9composent et forment des particules ultrafines. Ces derni\u00e8res sont pulv\u00e9ris\u00e9es \u00e0 maintes reprises par l\u2019aspirateur ordinaire, l\u2019agitation du syst\u00e8me m\u00e9canique, les activit\u00e9s pratiqu\u00e9es par les occupants, la vibration caus\u00e9e par le trafic routier, le vent et la gravit\u00e9.<\/p>\n<\/div><div class=\"fusion-clearfix\"><\/div><\/div><\/div><\/div><\/div><div class=\"fusion-fullwidth fullwidth-box fusion-builder-row-2 nonhundred-percent-fullwidth non-hundred-percent-height-scrolling\" style=\"--awb-border-radius-top-left:0px;--awb-border-radius-top-right:0px;--awb-border-radius-bottom-right:0px;--awb-border-radius-bottom-left:0px;--awb-flex-wrap:wrap;\" ><div class=\"fusion-builder-row fusion-row\"><div class=\"fusion-layout-column fusion_builder_column fusion-builder-column-1 fusion_builder_column_1_1 1_1 fusion-one-full fusion-column-first fusion-column-last\" style=\"--awb-bg-size:cover;\"><div class=\"fusion-column-wrapper fusion-flex-column-wrapper-legacy\"><div class=\"fusion-title title fusion-title-2 fusion-sep-none fusion-title-text fusion-title-size-three\" style=\"--awb-margin-top-small:10px;--awb-margin-right-small:0px;--awb-margin-bottom-small:10px;--awb-margin-left-small:0px;\"><h3 class=\"fusion-title-heading title-heading-left fusion-responsive-typography-calculated\" style=\"margin:0;--fontSize:22;line-height:1.5;\">Comment contr\u00f4ler cette accumulation de pollution de l\u2019air nocive \u00e0 l\u2019int\u00e9rieur?<\/h3><\/div><div class=\"fusion-text fusion-text-2\"><p>Tr\u00e8s peu de m\u00e9thodes de nettoyage modernes peuvent par elles-m\u00eames enlever les particules inhalables des environnements int\u00e9rieurs (diam\u00e8tre inf\u00e9rieur \u00e0 10 microm\u00e8tres). Les particules en suspension dans l\u2019air sont compos\u00e9es de poussi\u00e8res, de squames, de pollen, de fum\u00e9e, de bact\u00e9ries, de virus, de spores de moisissures et d\u2019autres mati\u00e8res en suspension dans l\u2019air qui sont pratiquement trop petits pour qu\u2019on puisse les voir. Elles peuvent \u00e9galement avoir un effet sur l\u2019\u00e9tat g\u00e9n\u00e9ral de sant\u00e9 d\u2019une personne. Les enfants, les personnes \u00e2g\u00e9es, les femmes enceintes et les personnes qui ont une maladie respiratoire chronique peuvent \u00eatre particuli\u00e8rement plus sensibles aux particules inhalables. Parmi les sources de particules en suspension dans l\u2019air il y a les poussi\u00e8res, les plantes, la fum\u00e9e, la poussi\u00e8re sur les souliers et plusieurs activit\u00e9s qui se d\u00e9roulent couramment dans les b\u00e2timents, y compris l\u2019ex\u00e9cution du travail et le nettoyage.<\/p>\n<p>Les aspirateurs m\u00e9nagers types sont con\u00e7us pour enlever les grosses particules qui sont visibles (plus de 300 microm\u00e8tres). Les m\u00e9thodes de nettoyage habituelles retransforment tout simplement ces particules fines en a\u00e9rosol.<\/p>\n<\/div><div class=\"fusion-clearfix\"><\/div><\/div><\/div><\/div><\/div><div class=\"fusion-fullwidth fullwidth-box fusion-builder-row-3 nonhundred-percent-fullwidth non-hundred-percent-height-scrolling\" style=\"--awb-border-radius-top-left:0px;--awb-border-radius-top-right:0px;--awb-border-radius-bottom-right:0px;--awb-border-radius-bottom-left:0px;--awb-flex-wrap:wrap;\" ><div class=\"fusion-builder-row fusion-row\"><div class=\"fusion-layout-column fusion_builder_column fusion-builder-column-2 fusion_builder_column_1_1 1_1 fusion-one-full fusion-column-first fusion-column-last\" style=\"--awb-bg-size:cover;\"><div class=\"fusion-column-wrapper fusion-flex-column-wrapper-legacy\"><div class=\"fusion-title title fusion-title-3 fusion-sep-none fusion-title-text fusion-title-size-three\" style=\"--awb-margin-top-small:10px;--awb-margin-right-small:0px;--awb-margin-bottom-small:10px;--awb-margin-left-small:0px;\"><h3 class=\"fusion-title-heading title-heading-left fusion-responsive-typography-calculated\" style=\"margin:0;--fontSize:22;line-height:1.5;\">Qui est \u00e0 risque?<\/h3><\/div><div class=\"fusion-text fusion-text-3\"><p>Les personnes immunod\u00e9prim\u00e9es, allergiques, asthmatiques, souffrant d\u2019une d\u00e9tresse respiratoire ou d\u2019une pneumopathie d\u2019hypersensibilit\u00e9 de m\u00eame que les enfants et les femmes enceintes peuvent devenir hypersensibles aux polluants environnementaux. Il a \u00e9t\u00e9 prouv\u00e9 que l\u2019enl\u00e8vement des particules ultrafines soulage les sympt\u00f4mes respiratoires courants et permet de cr\u00e9er un environnement plus propre et plus sain.<\/p>\n<\/div><div class=\"fusion-clearfix\"><\/div><\/div><\/div><\/div><\/div><div class=\"fusion-fullwidth fullwidth-box fusion-builder-row-4 nonhundred-percent-fullwidth non-hundred-percent-height-scrolling\" style=\"--awb-border-radius-top-left:0px;--awb-border-radius-top-right:0px;--awb-border-radius-bottom-right:0px;--awb-border-radius-bottom-left:0px;--awb-flex-wrap:wrap;\" ><div class=\"fusion-builder-row fusion-row\"><div class=\"fusion-layout-column fusion_builder_column fusion-builder-column-3 fusion_builder_column_1_1 1_1 fusion-one-full fusion-column-first fusion-column-last\" style=\"--awb-bg-size:cover;\"><div class=\"fusion-column-wrapper fusion-flex-column-wrapper-legacy\"><div class=\"fusion-title title fusion-title-4 fusion-sep-none fusion-title-text fusion-title-size-three\" style=\"--awb-margin-top-small:10px;--awb-margin-right-small:0px;--awb-margin-bottom-small:10px;--awb-margin-left-small:0px;\"><h3 class=\"fusion-title-heading title-heading-left fusion-responsive-typography-calculated\" style=\"margin:0;--fontSize:22;line-height:1.5;\">Que pouvez-vous faire?<\/h3><\/div><div class=\"fusion-text fusion-text-4\"><p>Healthy Home Center a \u00e9labor\u00e9 une m\u00e9thode de nettoyage exhaustive comprenant un processus \u00e0 plusieurs \u00e9tapes s\u2019\u00e9talant sur toute une journ\u00e9e pour r\u00e9duire l\u2019exposition aux particules ultrafines dans l\u2019environnement.<\/p>\n<ol>\n<li>Nettoyage en profondeur des conduits en agitant des brosses manuelles tout en proc\u00e9dant \u00e0 cinq renouvellements d\u2019air \u00e0 l\u2019heure dans la maison. La dilution d\u2019air acc\u00e9l\u00e9r\u00e9e dans la maison au cours du nettoyage des conduits \u00e0 l\u2019aide de filtres HEPA permet d\u2019\u00e9vacuer toutes les poussi\u00e8res en a\u00e9rosol produites durant l\u2019agitation dans les conduits.<\/li>\n<li>A\u00e9rosolisation compl\u00e8te et imm\u00e9diate des poussi\u00e8res dans la maison (agitation d\u2019air comprim\u00e9).<\/li>\n<li>Apr\u00e8s deux heures de dilution en profondeur (renouvellement d\u2019air), tout le mat\u00e9riel utilis\u00e9 pour les mati\u00e8res dangereuses est mis en mode de filtration HEPA. Plusieurs \u00ab laveurs d\u2019air \u00bb sont dispos\u00e9s dans la maison pour laver l\u2019air int\u00e9rieur ou le faire passer dans des filtres HEPA tandis que des techniciens passent un aspirateur avec filtres HEPA et nettoient \u00e0 la vadrouille humide et au linge humide toutes les surfaces plates pour enlever les d\u00e9p\u00f4ts de spores et de particules.<\/li>\n<li>L\u2019\u00e9puration finale de l\u2019air se termine par le d\u00e9placement des dispositifs de lavage de l\u2019air d\u2019une pi\u00e8ce \u00e0 l\u2019autre, ce qui rend l\u2019environnement int\u00e9rieur plus sain et facilite le maintien de sa qualit\u00e9 en proc\u00e9dant au nettoyage des particules ultrafines r\u00e9guli\u00e8rement.<\/li>\n<\/ol>\n<p>Nos techniciens en nettoyage exp\u00e9riment\u00e9s sont pr\u00e9sentement accr\u00e9dit\u00e9s en biorem\u00e9diation (ABRA), en moisissures (IICRC) et en amiante (253W) et ils sont des sp\u00e9cialistes accr\u00e9dit\u00e9s d\u00e9vou\u00e9s ayant \u00e9t\u00e9 soumis \u00e0 une v\u00e9rification polici\u00e8re et \u00e0 un contr\u00f4le de s\u00e9curit\u00e9. Le nettoyage des particules ultrafines que nous effectuons est rendu possible gr\u00e2ce \u00e0 notre exp\u00e9rience avec les mati\u00e8res dangereuses.<\/p>\n<\/div><div class=\"fusion-clearfix\"><\/div><\/div><\/div><\/div><\/div><\/p>\n","protected":false},"excerpt":{"rendered":"","protected":false},"author":2,"featured_media":953,"parent":800,"menu_order":0,"comment_status":"closed","ping_status":"closed","template":"template-services.php","meta":{"_exactmetrics_skip_tracking":false,"_exactmetrics_sitenote_active":false,"_exactmetrics_sitenote_note":"","_exactmetrics_sitenote_category":0,"footnotes":""},"tags":[],"class_list":["post-755","page","type-page","status-publish","has-post-thumbnail","hentry"],"yoast_head":"<!-- This site is optimized with the Yoast SEO plugin v27.5 - https:\/\/yoast.com\/product\/yoast-seo-wordpress\/ -->\n<title>PARTICULES ULTRAFINES - Healthy Home Center<\/title>\n<meta name=\"description\" content=\"Les particules ultrafines sont la cause de probl\u00e8mes de sant\u00e9 plus graves que ceux qui existent en pr\u00e9sence de plus grosses particules. Apprenez-en plus:\" \/>\n<meta name=\"robots\" content=\"index, follow, max-snippet:-1, max-image-preview:large, max-video-preview:-1\" \/>\n<link rel=\"canonical\" href=\"https:\/\/healthyhomecenter.ca\/fr\/services\/particules-ultrafines\/\" \/>\n<meta property=\"og:locale\" content=\"fr_FR\" \/>\n<meta property=\"og:type\" content=\"article\" \/>\n<meta property=\"og:title\" content=\"PARTICULES ULTRAFINES - Healthy Home Center\" \/>\n<meta property=\"og:description\" content=\"Les particules ultrafines sont la cause de probl\u00e8mes de sant\u00e9 plus graves que ceux qui existent en pr\u00e9sence de plus grosses particules. Apprenez-en plus:\" \/>\n<meta property=\"og:url\" content=\"https:\/\/healthyhomecenter.ca\/fr\/services\/particules-ultrafines\/\" \/>\n<meta property=\"og:site_name\" content=\"Healthy Home Center\" \/>\n<meta property=\"article:publisher\" content=\"https:\/\/www.facebook.com\/Healthy-Home-Center-1683768605283953\/\" \/>\n<meta property=\"article:modified_time\" content=\"2020-11-27T18:58:15+00:00\" \/>\n<meta property=\"og:image\" content=\"https:\/\/healthyhomecenter.ca\/wp-content\/uploads\/2020\/03\/ultrafine-particles.jpg\" \/>\n\t<meta property=\"og:image:width\" content=\"1920\" \/>\n\t<meta property=\"og:image:height\" content=\"853\" \/>\n\t<meta property=\"og:image:type\" content=\"image\/jpeg\" \/>\n<meta name=\"twitter:card\" content=\"summary_large_image\" \/>\n<meta name=\"twitter:label1\" content=\"Dur\u00e9e de lecture estim\u00e9e\" \/>\n\t<meta name=\"twitter:data1\" content=\"9 minutes\" \/>\n<script type=\"application\/ld+json\" class=\"yoast-schema-graph\">{\"@context\":\"https:\\\/\\\/schema.org\",\"@graph\":[{\"@type\":\"WebPage\",\"@id\":\"https:\\\/\\\/healthyhomecenter.ca\\\/fr\\\/services\\\/particules-ultrafines\\\/\",\"url\":\"https:\\\/\\\/healthyhomecenter.ca\\\/fr\\\/services\\\/particules-ultrafines\\\/\",\"name\":\"PARTICULES ULTRAFINES - Healthy Home Center\",\"isPartOf\":{\"@id\":\"https:\\\/\\\/healthyhomecenter.ca\\\/#website\"},\"primaryImageOfPage\":{\"@id\":\"https:\\\/\\\/healthyhomecenter.ca\\\/fr\\\/services\\\/particules-ultrafines\\\/#primaryimage\"},\"image\":{\"@id\":\"https:\\\/\\\/healthyhomecenter.ca\\\/fr\\\/services\\\/particules-ultrafines\\\/#primaryimage\"},\"thumbnailUrl\":\"https:\\\/\\\/healthyhomecenter.ca\\\/wp-content\\\/uploads\\\/2020\\\/03\\\/ultrafine-particles.jpg\",\"datePublished\":\"2020-01-22T19:29:23+00:00\",\"dateModified\":\"2020-11-27T18:58:15+00:00\",\"description\":\"Les particules ultrafines sont la cause de probl\u00e8mes de sant\u00e9 plus graves que ceux qui existent en pr\u00e9sence de plus grosses particules. Apprenez-en plus:\",\"breadcrumb\":{\"@id\":\"https:\\\/\\\/healthyhomecenter.ca\\\/fr\\\/services\\\/particules-ultrafines\\\/#breadcrumb\"},\"inLanguage\":\"fr-FR\",\"potentialAction\":[{\"@type\":\"ReadAction\",\"target\":[\"https:\\\/\\\/healthyhomecenter.ca\\\/fr\\\/services\\\/particules-ultrafines\\\/\"]}]},{\"@type\":\"ImageObject\",\"inLanguage\":\"fr-FR\",\"@id\":\"https:\\\/\\\/healthyhomecenter.ca\\\/fr\\\/services\\\/particules-ultrafines\\\/#primaryimage\",\"url\":\"https:\\\/\\\/healthyhomecenter.ca\\\/wp-content\\\/uploads\\\/2020\\\/03\\\/ultrafine-particles.jpg\",\"contentUrl\":\"https:\\\/\\\/healthyhomecenter.ca\\\/wp-content\\\/uploads\\\/2020\\\/03\\\/ultrafine-particles.jpg\",\"width\":1920,\"height\":853,\"caption\":\"Ul\"},{\"@type\":\"BreadcrumbList\",\"@id\":\"https:\\\/\\\/healthyhomecenter.ca\\\/fr\\\/services\\\/particules-ultrafines\\\/#breadcrumb\",\"itemListElement\":[{\"@type\":\"ListItem\",\"position\":1,\"name\":\"D\u2019ACCUEIL\",\"item\":\"https:\\\/\\\/healthyhomecenter.ca\\\/fr\\\/\"},{\"@type\":\"ListItem\",\"position\":2,\"name\":\"SERVICES\",\"item\":\"https:\\\/\\\/healthyhomecenter.ca\\\/fr\\\/services\\\/\"},{\"@type\":\"ListItem\",\"position\":3,\"name\":\"PARTICULES ULTRAFINES\"}]},{\"@type\":\"WebSite\",\"@id\":\"https:\\\/\\\/healthyhomecenter.ca\\\/#website\",\"url\":\"https:\\\/\\\/healthyhomecenter.ca\\\/\",\"name\":\"Healthy Home Center\",\"description\":\"Mold Removal Services in Ottawa\",\"publisher\":{\"@id\":\"https:\\\/\\\/healthyhomecenter.ca\\\/#organization\"},\"potentialAction\":[{\"@type\":\"SearchAction\",\"target\":{\"@type\":\"EntryPoint\",\"urlTemplate\":\"https:\\\/\\\/healthyhomecenter.ca\\\/?s={search_term_string}\"},\"query-input\":{\"@type\":\"PropertyValueSpecification\",\"valueRequired\":true,\"valueName\":\"search_term_string\"}}],\"inLanguage\":\"fr-FR\"},{\"@type\":\"Organization\",\"@id\":\"https:\\\/\\\/healthyhomecenter.ca\\\/#organization\",\"name\":\"Healthy Home Center\",\"url\":\"https:\\\/\\\/healthyhomecenter.ca\\\/\",\"logo\":{\"@type\":\"ImageObject\",\"inLanguage\":\"fr-FR\",\"@id\":\"https:\\\/\\\/healthyhomecenter.ca\\\/#\\\/schema\\\/logo\\\/image\\\/\",\"url\":\"https:\\\/\\\/healthyhomecen.wpengine.com\\\/wp-content\\\/uploads\\\/2018\\\/02\\\/hhg-ico.png\",\"contentUrl\":\"https:\\\/\\\/healthyhomecen.wpengine.com\\\/wp-content\\\/uploads\\\/2018\\\/02\\\/hhg-ico.png\",\"width\":340,\"height\":357,\"caption\":\"Healthy Home Center\"},\"image\":{\"@id\":\"https:\\\/\\\/healthyhomecenter.ca\\\/#\\\/schema\\\/logo\\\/image\\\/\"},\"sameAs\":[\"https:\\\/\\\/www.facebook.com\\\/Healthy-Home-Center-1683768605283953\\\/\"]}]}<\/script>\n<!-- \/ Yoast SEO plugin. -->","yoast_head_json":{"title":"PARTICULES ULTRAFINES - Healthy Home Center","description":"Les particules ultrafines sont la cause de probl\u00e8mes de sant\u00e9 plus graves que ceux qui existent en pr\u00e9sence de plus grosses particules. Apprenez-en plus:","robots":{"index":"index","follow":"follow","max-snippet":"max-snippet:-1","max-image-preview":"max-image-preview:large","max-video-preview":"max-video-preview:-1"},"canonical":"https:\/\/healthyhomecenter.ca\/fr\/services\/particules-ultrafines\/","og_locale":"fr_FR","og_type":"article","og_title":"PARTICULES ULTRAFINES - Healthy Home Center","og_description":"Les particules ultrafines sont la cause de probl\u00e8mes de sant\u00e9 plus graves que ceux qui existent en pr\u00e9sence de plus grosses particules. Apprenez-en plus:","og_url":"https:\/\/healthyhomecenter.ca\/fr\/services\/particules-ultrafines\/","og_site_name":"Healthy Home Center","article_publisher":"https:\/\/www.facebook.com\/Healthy-Home-Center-1683768605283953\/","article_modified_time":"2020-11-27T18:58:15+00:00","og_image":[{"width":1920,"height":853,"url":"https:\/\/healthyhomecenter.ca\/wp-content\/uploads\/2020\/03\/ultrafine-particles.jpg","type":"image\/jpeg"}],"twitter_card":"summary_large_image","twitter_misc":{"Dur\u00e9e de lecture estim\u00e9e":"9 minutes"},"schema":{"@context":"https:\/\/schema.org","@graph":[{"@type":"WebPage","@id":"https:\/\/healthyhomecenter.ca\/fr\/services\/particules-ultrafines\/","url":"https:\/\/healthyhomecenter.ca\/fr\/services\/particules-ultrafines\/","name":"PARTICULES ULTRAFINES - Healthy Home Center","isPartOf":{"@id":"https:\/\/healthyhomecenter.ca\/#website"},"primaryImageOfPage":{"@id":"https:\/\/healthyhomecenter.ca\/fr\/services\/particules-ultrafines\/#primaryimage"},"image":{"@id":"https:\/\/healthyhomecenter.ca\/fr\/services\/particules-ultrafines\/#primaryimage"},"thumbnailUrl":"https:\/\/healthyhomecenter.ca\/wp-content\/uploads\/2020\/03\/ultrafine-particles.jpg","datePublished":"2020-01-22T19:29:23+00:00","dateModified":"2020-11-27T18:58:15+00:00","description":"Les particules ultrafines sont la cause de probl\u00e8mes de sant\u00e9 plus graves que ceux qui existent en pr\u00e9sence de plus grosses particules. Apprenez-en plus:","breadcrumb":{"@id":"https:\/\/healthyhomecenter.ca\/fr\/services\/particules-ultrafines\/#breadcrumb"},"inLanguage":"fr-FR","potentialAction":[{"@type":"ReadAction","target":["https:\/\/healthyhomecenter.ca\/fr\/services\/particules-ultrafines\/"]}]},{"@type":"ImageObject","inLanguage":"fr-FR","@id":"https:\/\/healthyhomecenter.ca\/fr\/services\/particules-ultrafines\/#primaryimage","url":"https:\/\/healthyhomecenter.ca\/wp-content\/uploads\/2020\/03\/ultrafine-particles.jpg","contentUrl":"https:\/\/healthyhomecenter.ca\/wp-content\/uploads\/2020\/03\/ultrafine-particles.jpg","width":1920,"height":853,"caption":"Ul"},{"@type":"BreadcrumbList","@id":"https:\/\/healthyhomecenter.ca\/fr\/services\/particules-ultrafines\/#breadcrumb","itemListElement":[{"@type":"ListItem","position":1,"name":"D\u2019ACCUEIL","item":"https:\/\/healthyhomecenter.ca\/fr\/"},{"@type":"ListItem","position":2,"name":"SERVICES","item":"https:\/\/healthyhomecenter.ca\/fr\/services\/"},{"@type":"ListItem","position":3,"name":"PARTICULES ULTRAFINES"}]},{"@type":"WebSite","@id":"https:\/\/healthyhomecenter.ca\/#website","url":"https:\/\/healthyhomecenter.ca\/","name":"Healthy Home Center","description":"Mold Removal Services in Ottawa","publisher":{"@id":"https:\/\/healthyhomecenter.ca\/#organization"},"potentialAction":[{"@type":"SearchAction","target":{"@type":"EntryPoint","urlTemplate":"https:\/\/healthyhomecenter.ca\/?s={search_term_string}"},"query-input":{"@type":"PropertyValueSpecification","valueRequired":true,"valueName":"search_term_string"}}],"inLanguage":"fr-FR"},{"@type":"Organization","@id":"https:\/\/healthyhomecenter.ca\/#organization","name":"Healthy Home Center","url":"https:\/\/healthyhomecenter.ca\/","logo":{"@type":"ImageObject","inLanguage":"fr-FR","@id":"https:\/\/healthyhomecenter.ca\/#\/schema\/logo\/image\/","url":"https:\/\/healthyhomecen.wpengine.com\/wp-content\/uploads\/2018\/02\/hhg-ico.png","contentUrl":"https:\/\/healthyhomecen.wpengine.com\/wp-content\/uploads\/2018\/02\/hhg-ico.png","width":340,"height":357,"caption":"Healthy Home Center"},"image":{"@id":"https:\/\/healthyhomecenter.ca\/#\/schema\/logo\/image\/"},"sameAs":["https:\/\/www.facebook.com\/Healthy-Home-Center-1683768605283953\/"]}]}},"_links":{"self":[{"href":"https:\/\/healthyhomecenter.ca\/fr\/wp-json\/wp\/v2\/pages\/755","targetHints":{"allow":["GET"]}}],"collection":[{"href":"https:\/\/healthyhomecenter.ca\/fr\/wp-json\/wp\/v2\/pages"}],"about":[{"href":"https:\/\/healthyhomecenter.ca\/fr\/wp-json\/wp\/v2\/types\/page"}],"author":[{"embeddable":true,"href":"https:\/\/healthyhomecenter.ca\/fr\/wp-json\/wp\/v2\/users\/2"}],"replies":[{"embeddable":true,"href":"https:\/\/healthyhomecenter.ca\/fr\/wp-json\/wp\/v2\/comments?post=755"}],"version-history":[{"count":0,"href":"https:\/\/healthyhomecenter.ca\/fr\/wp-json\/wp\/v2\/pages\/755\/revisions"}],"up":[{"embeddable":true,"href":"https:\/\/healthyhomecenter.ca\/fr\/wp-json\/wp\/v2\/pages\/800"}],"wp:featuredmedia":[{"embeddable":true,"href":"https:\/\/healthyhomecenter.ca\/fr\/wp-json\/wp\/v2\/media\/953"}],"wp:attachment":[{"href":"https:\/\/healthyhomecenter.ca\/fr\/wp-json\/wp\/v2\/media?parent=755"}],"wp:term":[{"taxonomy":"post_tag","embeddable":true,"href":"https:\/\/healthyhomecenter.ca\/fr\/wp-json\/wp\/v2\/tags?post=755"}],"curies":[{"name":"wp","href":"https:\/\/api.w.org\/{rel}","templated":true}]}}