{"id":753,"date":"2020-01-22T14:26:05","date_gmt":"2020-01-22T19:26:05","guid":{"rendered":"https:\/\/healthyhomecenter.ca\/?page_id=753"},"modified":"2020-11-27T13:47:58","modified_gmt":"2020-11-27T18:47:58","slug":"enlevement-de-lamiante","status":"publish","type":"page","link":"https:\/\/healthyhomecenter.ca\/fr\/services\/enlevement-de-lamiante\/","title":{"rendered":"ENL\u00c8VEMENT DE L\u2019AMIANTE"},"content":{"rendered":"<div class=\"fusion-fullwidth fullwidth-box fusion-builder-row-1 nonhundred-percent-fullwidth non-hundred-percent-height-scrolling\" style=\"--awb-border-radius-top-left:0px;--awb-border-radius-top-right:0px;--awb-border-radius-bottom-right:0px;--awb-border-radius-bottom-left:0px;--awb-padding-top:100px;--awb-flex-wrap:wrap;\" ><div class=\"fusion-builder-row fusion-row\"><div class=\"fusion-layout-column fusion_builder_column fusion-builder-column-0 fusion_builder_column_1_1 1_1 fusion-one-full fusion-column-first fusion-column-last\" style=\"--awb-bg-size:cover;\"><div class=\"fusion-column-wrapper fusion-flex-column-wrapper-legacy\"><div class=\"fusion-title title fusion-title-1 fusion-sep-none fusion-title-text fusion-title-size-two\" style=\"--awb-margin-top-small:10px;--awb-margin-right-small:0px;--awb-margin-bottom-small:10px;--awb-margin-left-small:0px;\"><h2 class=\"fusion-title-heading title-heading-left fusion-responsive-typography-calculated\" style=\"margin:0;--fontSize:26;line-height:1.5;\">Service d\u2019enl\u00e8vement de l\u2019amiante \u00e0 Ottawa<\/h2><\/div><div class=\"fusion-title title fusion-title-2 fusion-sep-none fusion-title-text fusion-title-size-three\" style=\"--awb-margin-bottom:20px;--awb-margin-top-small:10px;--awb-margin-right-small:0px;--awb-margin-bottom-small:10px;--awb-margin-left-small:0px;\"><h3 class=\"fusion-title-heading title-heading-left fusion-responsive-typography-calculated\" style=\"margin:0;--fontSize:22;line-height:1.5;\">Prenez toutes les pr\u00e9cautions n\u00e9cessaires en pr\u00e9sence d\u2019amiante<\/h3><\/div><div class=\"fusion-text fusion-text-1\"><p>Si vous soup\u00e7onnez la pr\u00e9sence d\u2019amiante dans votre maison ou votre bureau, t\u00e9l\u00e9phonez-nous afin que nous puissions l\u2019identifier, ensuite l\u2019enlever en toute s\u00e9curit\u00e9 et l\u2019\u00e9liminer avant d\u2019entreprendre des travaux de r\u00e9novation, de d\u00e9molition ou de construction.<\/p>\n<p>L\u2019amiante peut devenir une mati\u00e8re dangereuse s\u2019il est fragment\u00e9, pulv\u00e9ris\u00e9 ou a\u00e9rosolis\u00e9 et il peut entra\u00eener de graves probl\u00e8mes de sant\u00e9 en cas d\u2019exposition. Ne prenez aucun risque \u2013 pour votre s\u00e9curit\u00e9 et afin de prot\u00e9ger votre sant\u00e9, confiez le nettoyage \u00e0 des professionnels.<\/p>\n<ul>\n<li>Nous sommes une \u00e9quipe de d\u00e9samianteurs ayant suivi une formation professionnelle.<\/li>\n<li>Nous respectons les protocoles \u00e9tablis par le gouvernement f\u00e9d\u00e9ral au sujet du d\u00e9samiantage (R\u00e8gl. de l\u2019Ont. 278-05).<\/li>\n<li>Nous \u00e9liminons l\u2019amiante de fa\u00e7on s\u00e9curitaire et \u00e9cologique.<\/li>\n<\/ul>\n<p>Nous irons sur les lieux et vous donnerons une estimation pour l\u2019enl\u00e8vement de l\u2019amiante et le nettoyage.<\/p>\n<p>Nous offrons des services rapides, efficaces et fiables.<\/p>\n<p><strong>T\u00e9l\u00e9phonez-nous ou remplissez le formulaire de coordonn\u00e9es d\u00e8s maintenant!<\/strong><\/p>\n<\/div><div class=\"fusion-clearfix\"><\/div><\/div><\/div><\/div><\/div>\n","protected":false},"excerpt":{"rendered":"","protected":false},"author":2,"featured_media":0,"parent":800,"menu_order":0,"comment_status":"closed","ping_status":"closed","template":"template-services.php","meta":{"_exactmetrics_skip_tracking":false,"_exactmetrics_sitenote_active":false,"_exactmetrics_sitenote_note":"","_exactmetrics_sitenote_category":0,"footnotes":""},"tags":[],"class_list":["post-753","page","type-page","status-publish","hentry"],"yoast_head":"<!-- This site is optimized with the Yoast SEO plugin v27.3 - https:\/\/yoast.com\/product\/yoast-seo-wordpress\/ -->\n<title>ENL\u00c8VEMENT DE L\u2019AMIANTE - Healthy Home Center<\/title>\n<meta name=\"description\" content=\"Prenez toutes les pr\u00e9cautions n\u00e9cessaires en pr\u00e9sence d\u2019amiante. Contactez-nous pour tous soup\u00e7ons d\u2019amiante dans votre maison ou votre bureau!\" \/>\n<meta name=\"robots\" content=\"index, follow, max-snippet:-1, max-image-preview:large, max-video-preview:-1\" \/>\n<link rel=\"canonical\" href=\"https:\/\/healthyhomecenter.ca\/fr\/services\/enlevement-de-lamiante\/\" \/>\n<meta property=\"og:locale\" content=\"fr_FR\" \/>\n<meta property=\"og:type\" content=\"article\" \/>\n<meta property=\"og:title\" content=\"ENL\u00c8VEMENT DE L\u2019AMIANTE - Healthy Home Center\" \/>\n<meta property=\"og:description\" content=\"Prenez toutes les pr\u00e9cautions n\u00e9cessaires en pr\u00e9sence d\u2019amiante. Contactez-nous pour tous soup\u00e7ons d\u2019amiante dans votre maison ou votre bureau!\" \/>\n<meta property=\"og:url\" content=\"https:\/\/healthyhomecenter.ca\/fr\/services\/enlevement-de-lamiante\/\" \/>\n<meta property=\"og:site_name\" content=\"Healthy Home Center\" \/>\n<meta property=\"article:publisher\" content=\"https:\/\/www.facebook.com\/Healthy-Home-Center-1683768605283953\/\" \/>\n<meta property=\"article:modified_time\" content=\"2020-11-27T18:47:58+00:00\" \/>\n<meta name=\"twitter:card\" content=\"summary_large_image\" \/>\n<meta name=\"twitter:label1\" content=\"Dur\u00e9e de lecture estim\u00e9e\" \/>\n\t<meta name=\"twitter:data1\" content=\"2 minutes\" \/>\n<script type=\"application\/ld+json\" class=\"yoast-schema-graph\">{\"@context\":\"https:\\\/\\\/schema.org\",\"@graph\":[{\"@type\":\"WebPage\",\"@id\":\"https:\\\/\\\/healthyhomecenter.ca\\\/fr\\\/services\\\/enlevement-de-lamiante\\\/\",\"url\":\"https:\\\/\\\/healthyhomecenter.ca\\\/fr\\\/services\\\/enlevement-de-lamiante\\\/\",\"name\":\"ENL\u00c8VEMENT DE L\u2019AMIANTE - Healthy Home Center\",\"isPartOf\":{\"@id\":\"https:\\\/\\\/healthyhomecenter.ca\\\/#website\"},\"datePublished\":\"2020-01-22T19:26:05+00:00\",\"dateModified\":\"2020-11-27T18:47:58+00:00\",\"description\":\"Prenez toutes les pr\u00e9cautions n\u00e9cessaires en pr\u00e9sence d\u2019amiante. Contactez-nous pour tous soup\u00e7ons d\u2019amiante dans votre maison ou votre bureau!\",\"breadcrumb\":{\"@id\":\"https:\\\/\\\/healthyhomecenter.ca\\\/fr\\\/services\\\/enlevement-de-lamiante\\\/#breadcrumb\"},\"inLanguage\":\"fr-FR\",\"potentialAction\":[{\"@type\":\"ReadAction\",\"target\":[\"https:\\\/\\\/healthyhomecenter.ca\\\/fr\\\/services\\\/enlevement-de-lamiante\\\/\"]}]},{\"@type\":\"BreadcrumbList\",\"@id\":\"https:\\\/\\\/healthyhomecenter.ca\\\/fr\\\/services\\\/enlevement-de-lamiante\\\/#breadcrumb\",\"itemListElement\":[{\"@type\":\"ListItem\",\"position\":1,\"name\":\"D\u2019ACCUEIL\",\"item\":\"https:\\\/\\\/healthyhomecenter.ca\\\/fr\\\/\"},{\"@type\":\"ListItem\",\"position\":2,\"name\":\"SERVICES\",\"item\":\"https:\\\/\\\/healthyhomecenter.ca\\\/fr\\\/services\\\/\"},{\"@type\":\"ListItem\",\"position\":3,\"name\":\"ENL\u00c8VEMENT DE L\u2019AMIANTE\"}]},{\"@type\":\"WebSite\",\"@id\":\"https:\\\/\\\/healthyhomecenter.ca\\\/#website\",\"url\":\"https:\\\/\\\/healthyhomecenter.ca\\\/\",\"name\":\"Healthy Home Center\",\"description\":\"Mold Removal Services in Ottawa\",\"publisher\":{\"@id\":\"https:\\\/\\\/healthyhomecenter.ca\\\/#organization\"},\"potentialAction\":[{\"@type\":\"SearchAction\",\"target\":{\"@type\":\"EntryPoint\",\"urlTemplate\":\"https:\\\/\\\/healthyhomecenter.ca\\\/?s={search_term_string}\"},\"query-input\":{\"@type\":\"PropertyValueSpecification\",\"valueRequired\":true,\"valueName\":\"search_term_string\"}}],\"inLanguage\":\"fr-FR\"},{\"@type\":\"Organization\",\"@id\":\"https:\\\/\\\/healthyhomecenter.ca\\\/#organization\",\"name\":\"Healthy Home Center\",\"url\":\"https:\\\/\\\/healthyhomecenter.ca\\\/\",\"logo\":{\"@type\":\"ImageObject\",\"inLanguage\":\"fr-FR\",\"@id\":\"https:\\\/\\\/healthyhomecenter.ca\\\/#\\\/schema\\\/logo\\\/image\\\/\",\"url\":\"https:\\\/\\\/healthyhomecen.wpengine.com\\\/wp-content\\\/uploads\\\/2018\\\/02\\\/hhg-ico.png\",\"contentUrl\":\"https:\\\/\\\/healthyhomecen.wpengine.com\\\/wp-content\\\/uploads\\\/2018\\\/02\\\/hhg-ico.png\",\"width\":340,\"height\":357,\"caption\":\"Healthy Home Center\"},\"image\":{\"@id\":\"https:\\\/\\\/healthyhomecenter.ca\\\/#\\\/schema\\\/logo\\\/image\\\/\"},\"sameAs\":[\"https:\\\/\\\/www.facebook.com\\\/Healthy-Home-Center-1683768605283953\\\/\"]}]}<\/script>\n<!-- \/ Yoast SEO plugin. -->","yoast_head_json":{"title":"ENL\u00c8VEMENT DE L\u2019AMIANTE - Healthy Home Center","description":"Prenez toutes les pr\u00e9cautions n\u00e9cessaires en pr\u00e9sence d\u2019amiante. Contactez-nous pour tous soup\u00e7ons d\u2019amiante dans votre maison ou votre bureau!","robots":{"index":"index","follow":"follow","max-snippet":"max-snippet:-1","max-image-preview":"max-image-preview:large","max-video-preview":"max-video-preview:-1"},"canonical":"https:\/\/healthyhomecenter.ca\/fr\/services\/enlevement-de-lamiante\/","og_locale":"fr_FR","og_type":"article","og_title":"ENL\u00c8VEMENT DE L\u2019AMIANTE - Healthy Home Center","og_description":"Prenez toutes les pr\u00e9cautions n\u00e9cessaires en pr\u00e9sence d\u2019amiante. Contactez-nous pour tous soup\u00e7ons d\u2019amiante dans votre maison ou votre bureau!","og_url":"https:\/\/healthyhomecenter.ca\/fr\/services\/enlevement-de-lamiante\/","og_site_name":"Healthy Home Center","article_publisher":"https:\/\/www.facebook.com\/Healthy-Home-Center-1683768605283953\/","article_modified_time":"2020-11-27T18:47:58+00:00","twitter_card":"summary_large_image","twitter_misc":{"Dur\u00e9e de lecture estim\u00e9e":"2 minutes"},"schema":{"@context":"https:\/\/schema.org","@graph":[{"@type":"WebPage","@id":"https:\/\/healthyhomecenter.ca\/fr\/services\/enlevement-de-lamiante\/","url":"https:\/\/healthyhomecenter.ca\/fr\/services\/enlevement-de-lamiante\/","name":"ENL\u00c8VEMENT DE L\u2019AMIANTE - Healthy Home Center","isPartOf":{"@id":"https:\/\/healthyhomecenter.ca\/#website"},"datePublished":"2020-01-22T19:26:05+00:00","dateModified":"2020-11-27T18:47:58+00:00","description":"Prenez toutes les pr\u00e9cautions n\u00e9cessaires en pr\u00e9sence d\u2019amiante. Contactez-nous pour tous soup\u00e7ons d\u2019amiante dans votre maison ou votre bureau!","breadcrumb":{"@id":"https:\/\/healthyhomecenter.ca\/fr\/services\/enlevement-de-lamiante\/#breadcrumb"},"inLanguage":"fr-FR","potentialAction":[{"@type":"ReadAction","target":["https:\/\/healthyhomecenter.ca\/fr\/services\/enlevement-de-lamiante\/"]}]},{"@type":"BreadcrumbList","@id":"https:\/\/healthyhomecenter.ca\/fr\/services\/enlevement-de-lamiante\/#breadcrumb","itemListElement":[{"@type":"ListItem","position":1,"name":"D\u2019ACCUEIL","item":"https:\/\/healthyhomecenter.ca\/fr\/"},{"@type":"ListItem","position":2,"name":"SERVICES","item":"https:\/\/healthyhomecenter.ca\/fr\/services\/"},{"@type":"ListItem","position":3,"name":"ENL\u00c8VEMENT DE L\u2019AMIANTE"}]},{"@type":"WebSite","@id":"https:\/\/healthyhomecenter.ca\/#website","url":"https:\/\/healthyhomecenter.ca\/","name":"Healthy Home Center","description":"Mold Removal Services in Ottawa","publisher":{"@id":"https:\/\/healthyhomecenter.ca\/#organization"},"potentialAction":[{"@type":"SearchAction","target":{"@type":"EntryPoint","urlTemplate":"https:\/\/healthyhomecenter.ca\/?s={search_term_string}"},"query-input":{"@type":"PropertyValueSpecification","valueRequired":true,"valueName":"search_term_string"}}],"inLanguage":"fr-FR"},{"@type":"Organization","@id":"https:\/\/healthyhomecenter.ca\/#organization","name":"Healthy Home Center","url":"https:\/\/healthyhomecenter.ca\/","logo":{"@type":"ImageObject","inLanguage":"fr-FR","@id":"https:\/\/healthyhomecenter.ca\/#\/schema\/logo\/image\/","url":"https:\/\/healthyhomecen.wpengine.com\/wp-content\/uploads\/2018\/02\/hhg-ico.png","contentUrl":"https:\/\/healthyhomecen.wpengine.com\/wp-content\/uploads\/2018\/02\/hhg-ico.png","width":340,"height":357,"caption":"Healthy Home Center"},"image":{"@id":"https:\/\/healthyhomecenter.ca\/#\/schema\/logo\/image\/"},"sameAs":["https:\/\/www.facebook.com\/Healthy-Home-Center-1683768605283953\/"]}]}},"_links":{"self":[{"href":"https:\/\/healthyhomecenter.ca\/fr\/wp-json\/wp\/v2\/pages\/753","targetHints":{"allow":["GET"]}}],"collection":[{"href":"https:\/\/healthyhomecenter.ca\/fr\/wp-json\/wp\/v2\/pages"}],"about":[{"href":"https:\/\/healthyhomecenter.ca\/fr\/wp-json\/wp\/v2\/types\/page"}],"author":[{"embeddable":true,"href":"https:\/\/healthyhomecenter.ca\/fr\/wp-json\/wp\/v2\/users\/2"}],"replies":[{"embeddable":true,"href":"https:\/\/healthyhomecenter.ca\/fr\/wp-json\/wp\/v2\/comments?post=753"}],"version-history":[{"count":0,"href":"https:\/\/healthyhomecenter.ca\/fr\/wp-json\/wp\/v2\/pages\/753\/revisions"}],"up":[{"embeddable":true,"href":"https:\/\/healthyhomecenter.ca\/fr\/wp-json\/wp\/v2\/pages\/800"}],"wp:attachment":[{"href":"https:\/\/healthyhomecenter.ca\/fr\/wp-json\/wp\/v2\/media?parent=753"}],"wp:term":[{"taxonomy":"post_tag","embeddable":true,"href":"https:\/\/healthyhomecenter.ca\/fr\/wp-json\/wp\/v2\/tags?post=753"}],"curies":[{"name":"wp","href":"https:\/\/api.w.org\/{rel}","templated":true}]}}