{"id":749,"date":"2020-01-22T14:20:18","date_gmt":"2020-01-22T19:20:18","guid":{"rendered":"https:\/\/healthyhomecenter.ca\/?page_id=749"},"modified":"2020-11-27T13:51:28","modified_gmt":"2020-11-27T18:51:28","slug":"enlevement-des-moisissures","status":"publish","type":"page","link":"https:\/\/healthyhomecenter.ca\/fr\/services\/enlevement-des-moisissures\/","title":{"rendered":"ENL\u00c8VEMENT DES MOISISSURES"},"content":{"rendered":"<p><div class=\"fusion-fullwidth fullwidth-box fusion-builder-row-1 nonhundred-percent-fullwidth non-hundred-percent-height-scrolling\" style=\"--awb-border-radius-top-left:0px;--awb-border-radius-top-right:0px;--awb-border-radius-bottom-right:0px;--awb-border-radius-bottom-left:0px;--awb-padding-top:100px;--awb-flex-wrap:wrap;\" ><div class=\"fusion-builder-row fusion-row\"><div class=\"fusion-layout-column fusion_builder_column fusion-builder-column-0 fusion_builder_column_1_1 1_1 fusion-one-full fusion-column-first fusion-column-last\" style=\"--awb-bg-size:cover;\"><div class=\"fusion-column-wrapper fusion-flex-column-wrapper-legacy\"><div class=\"fusion-title title fusion-title-1 fusion-sep-none fusion-title-text fusion-title-size-two\" style=\"--awb-margin-bottom:1em;--awb-margin-top-small:10px;--awb-margin-right-small:0px;--awb-margin-bottom-small:10px;--awb-margin-left-small:0px;\"><h2 class=\"fusion-title-heading title-heading-left fusion-responsive-typography-calculated\" style=\"margin:0;--fontSize:26;line-height:1.5;\"><h2>Comprendre le concept de l\u2019enl\u00e8vement des moisissures<\/h2><\/h2><\/div><div class=\"fusion-text fusion-text-1\"><p>Les moisissures et les champignons sont des \u00e9l\u00e9ments naturels de l&rsquo;environnement et jouent un r\u00f4le essentiel dans la d\u00e9composition des feuilles, du bois et des autres d\u00e9bris v\u00e9g\u00e9taux. Ces microorganismes peuvent p\u00e9n\u00e9trer directement dans un b\u00e2timent ou encore s&rsquo;y introduire sous la forme de spores en suspension dans l&rsquo;air. Dans une maison ou un b\u00e2timent, les moisissures et les champignons se logeront g\u00e9n\u00e9ralement sur le bois, les cloisons s\u00e8ches, les plaques ou enduits de pl\u00e2tre, le mobilier, les tissus, le papier peint, les tentures, les carreaux de plafond ainsi que les tapis.<\/p>\n<p>L\u2019humidit\u00e9 est l\u2019\u00e9l\u00e9ment cl\u00e9 parce que les moisissures et les champignons en ont besoin pour leur croissance. C\u2019est pourquoi on les retrouve si souvent pr\u00e9sents au sous-sol, dans la cuisine et dans la salle de toilette.<\/p>\n<p>Dans les b\u00e2timents modernes, la pr\u00e9sence d\u2019humidit\u00e9 peut \u00eatre caus\u00e9e par divers facteurs, notamment :<\/p>\n<ul>\n<li>Une inondation.<\/li>\n<li>Des fuites provenant du toit, du sous-sol ou de la tuyauterie.<\/li>\n<li>L\u2019\u00e9tanch\u00e9it\u00e9 du b\u00e2timent emp\u00eachant l\u2019\u00e9vacuation de l\u2019humidit\u00e9 accumul\u00e9e.<\/li>\n<li>Les sources d\u2019humidit\u00e9 comme douches, baignoires, appareils de cuisson et autres.<\/li>\n<li>Une humidit\u00e9 excessive.<\/li>\n<\/ul>\n<\/div><div class=\"fusion-clearfix\"><\/div><\/div><\/div><\/div><\/div><div class=\"fusion-fullwidth fullwidth-box fusion-builder-row-2 nonhundred-percent-fullwidth non-hundred-percent-height-scrolling\" style=\"--awb-border-color:#dddddd;--awb-border-radius-top-left:0px;--awb-border-radius-top-right:0px;--awb-border-radius-bottom-right:0px;--awb-border-radius-bottom-left:0px;--awb-background-color:#f9f9f9;--awb-border-sizes-top:1px;--awb-border-sizes-bottom:1px;--awb-flex-wrap:wrap;\" ><div class=\"fusion-builder-row fusion-row\"><div class=\"fusion-layout-column fusion_builder_column fusion-builder-column-1 fusion_builder_column_1_1 1_1 fusion-one-full fusion-column-first fusion-column-last\" style=\"--awb-bg-size:cover;\"><div class=\"fusion-column-wrapper fusion-flex-column-wrapper-legacy\"><div class=\"fusion-title title fusion-title-2 fusion-sep-none fusion-title-text fusion-title-size-three\" style=\"--awb-margin-top:1em;--awb-margin-bottom:1em;--awb-margin-top-small:10px;--awb-margin-right-small:0px;--awb-margin-bottom-small:10px;--awb-margin-left-small:0px;\"><h3 class=\"fusion-title-heading title-heading-left fusion-responsive-typography-calculated\" style=\"margin:0;--fontSize:22;line-height:1.5;\"><h2>Comment les moisissures peuvent-elles avoir des effets sur votre sant\u00e9?<\/h2><\/h3><\/div><div class=\"fusion-text fusion-text-2\"><p>La pr\u00e9sence de moisissures ne se traduit pas toujours par l&rsquo;apparition de probl\u00e8mes de sant\u00e9. Toutefois, l&rsquo;inhalation des particules ou des spores de moisissures ou encore des moisissures elles-m\u00eames peut causer des probl\u00e8mes de sant\u00e9, aggraver une maladie ou d\u00e9t\u00e9riorer l&rsquo;\u00e9tat de sant\u00e9 de certaines personnes.<\/p>\n<p><span style=\"font-weight: 400;\">De plus, un bon nombre de ces moisissures produisent des \u00ab\u00a0<\/span><a href=\"https:\/\/fr.wikipedia.org\/wiki\/Mycotoxine\"><span style=\"font-weight: 400;\">mycotoxines<\/span><\/a><span style=\"font-weight: 400;\">\u00a0<\/span><span style=\"font-weight: 400;\">\u00bb. \u00a0 Ces mycotoxines sont des m\u00e9tabolites ou des produits de transformation issus des moisissures qui sont reconnus toxiques chez l\u2019\u00eatre humain.\u00a0 Ces toxines peuvent, avec le temps, affaiblir le syst\u00e8me immunitaire et entra\u00eener des allergies ou des difficult\u00e9s respiratoires.<\/span><\/p>\n<p><span style=\"font-weight: 400;\">De fa\u00e7on g\u00e9n\u00e9rale, les sympt\u00f4mes les plus courants sont les suivants :<\/span><\/p>\n<ul>\n<li>Irritation des yeux, du nez et de la gorge.<\/li>\n<li>Toux ou congestion.<\/li>\n<li>Aggravation de l\u2019asthme.<\/li>\n<li>Fatigue.<\/li>\n<li>Maux de t\u00eate.<\/li>\n<li>Difficult\u00e9 de concentration.<\/li>\n<\/ul>\n<p>Les moisissures peuvent aussi exacerber (aggraver) les sympt\u00f4mes d&rsquo;allergies, notamment la respiration sifflante, la g\u00eane respiratoire, l&rsquo;essoufflement de m\u00eame que la congestion nasale et l&rsquo;irritation des yeux. Les personnes immunod\u00e9prim\u00e9es ou ayant r\u00e9cemment subies une intervention chirurgicale sont habituellement plus susceptibles d&rsquo;\u00e9prouver des probl\u00e8mes de sant\u00e9 attribuables aux moisissures.<\/p>\n<\/div><div class=\"fusion-clearfix\"><\/div><\/div><\/div><\/div><\/div><div class=\"fusion-fullwidth fullwidth-box fusion-builder-row-3 nonhundred-percent-fullwidth non-hundred-percent-height-scrolling\" style=\"--awb-border-radius-top-left:0px;--awb-border-radius-top-right:0px;--awb-border-radius-bottom-right:0px;--awb-border-radius-bottom-left:0px;--awb-flex-wrap:wrap;\" ><div class=\"fusion-builder-row fusion-row\"><div class=\"fusion-layout-column fusion_builder_column fusion-builder-column-2 fusion_builder_column_1_1 1_1 fusion-one-full fusion-column-first fusion-column-last\" style=\"--awb-bg-size:cover;\"><div class=\"fusion-column-wrapper fusion-flex-column-wrapper-legacy\"><div class=\"fusion-title title fusion-title-3 fusion-sep-none fusion-title-text fusion-title-size-three\" style=\"--awb-margin-top:1em;--awb-margin-bottom:1em;--awb-margin-top-small:10px;--awb-margin-right-small:0px;--awb-margin-bottom-small:10px;--awb-margin-left-small:0px;\"><h3 class=\"fusion-title-heading title-heading-left fusion-responsive-typography-calculated\" style=\"margin:0;--fontSize:22;line-height:1.5;\"><h2>Meilleures pratiques pour l\u2019enl\u00e8vement des moisissures<\/h2><\/h3><\/div><div class=\"fusion-text fusion-text-3\"><p>L&rsquo;inspection visuelle demeure la m\u00e9thode de diagnostic la plus fiable pour d\u00e9celer la pr\u00e9sence de moisissures. Les signes courants de dommages caus\u00e9s par l&rsquo;eau sont la d\u00e9coloration et les taches observ\u00e9es sur les surfaces. Les moisissures se manifestent souvent sous la forme de cernes, de zones plus fonc\u00e9es ou de salissures.<\/p>\n<p>Lorsque vous faites une inspection, prenez soin d&rsquo;examiner les \u00e9l\u00e9ments suivants, y compris l&rsquo;int\u00e9rieur ou le dessous, le cas \u00e9ch\u00e9ant :<\/p>\n<ul>\n<li>Les carreaux de plafond.<\/li>\n<li>Les murs, y compris les rev\u00eatements de papier peint et les cloisons s\u00e8ches.<\/li>\n<li>Le carton ou le papier.<\/li>\n<li>Les planchers.<\/li>\n<li>Les appuis de fen\u00eatres.<\/li>\n<li>Les mat\u00e9riaux isolants.<\/li>\n<li>Les tapis et moquettes.<\/li>\n<li>Le mobilier (\u00e9tat du rev\u00eatement de tissu et du rembourrage, etc.).<\/li>\n<\/ul>\n<p>Si cela est possible, examinez l\u2019arri\u00e8re de la tuyauterie et l\u2019int\u00e9rieur des murs (un miroir peut \u00eatre utile).<\/p>\n<p>Il importe aussi de rechercher toute forme d&rsquo;eau stagnante, telle qu&rsquo;une accumulation d&rsquo;eau autour ou sous les \u00e9viers, les baignoires, les bacs collecteurs des d\u00e9shumidificateurs, des appareils de conditionnement d&rsquo;air et des r\u00e9frig\u00e9rateurs, pouvant contribuer \u00e0 la formation ou encore favoriser la croissance de moisissures dans une maison ou un b\u00e2timent.<\/p>\n<p>Un \u00e9chantillonnage des surfaces peut \u00eatre ex\u00e9cut\u00e9 en raclant ou en essuyant les zones jug\u00e9es suspectes lorsqu&rsquo;une \u00e9valuation m\u00e9dicale le prescrit; ces pr\u00e9l\u00e8vements doivent cependant \u00eatre effectu\u00e9s par un sp\u00e9cialiste qualifi\u00e9. L&rsquo;analyse de la qualit\u00e9 de l&rsquo;air peut \u00e9galement \u00eatre r\u00e9alis\u00e9e, mais ne fait pas partie des mesures usuelles (New York City Department of Health, 2008).<\/p>\n<p>Des dispositifs d&rsquo;analyse peuvent mesurer le degr\u00e9 d&rsquo;humidit\u00e9 des cloisons s\u00e8ches, des \u00e9l\u00e9ments en bois, etc. Ces instruments aident \u00e0 d\u00e9terminer le degr\u00e9 de l&rsquo;humidit\u00e9 ambiante et, de ce fait, si cette derni\u00e8re pourrait ou non contribuer \u00e0 l&rsquo;apparition de moisissures.<\/p>\n<\/div><div class=\"fusion-clearfix\"><\/div><\/div><\/div><\/div><\/div><\/p>\n","protected":false},"excerpt":{"rendered":"","protected":false},"author":2,"featured_media":0,"parent":800,"menu_order":0,"comment_status":"closed","ping_status":"closed","template":"template-services.php","meta":{"_exactmetrics_skip_tracking":false,"_exactmetrics_sitenote_active":false,"_exactmetrics_sitenote_note":"","_exactmetrics_sitenote_category":0,"footnotes":""},"tags":[],"class_list":["post-749","page","type-page","status-publish","hentry"],"yoast_head":"<!-- This site is optimized with the Yoast SEO plugin v27.5 - https:\/\/yoast.com\/product\/yoast-seo-wordpress\/ -->\n<title>ENL\u00c8VEMENT DES MOISISSURES - Healthy Home Center<\/title>\n<meta name=\"description\" content=\"Certains instruments aident \u00e0 d\u00e9terminer le degr\u00e9 d\u2019humidit\u00e9 ambiante et si cette derni\u00e8re pourrait ou non contribuer \u00e0 l\u2019apparition de moisissures.\" \/>\n<meta name=\"robots\" content=\"index, follow, max-snippet:-1, max-image-preview:large, max-video-preview:-1\" \/>\n<link rel=\"canonical\" href=\"https:\/\/healthyhomecenter.ca\/fr\/services\/enlevement-des-moisissures\/\" \/>\n<meta property=\"og:locale\" content=\"fr_FR\" \/>\n<meta property=\"og:type\" content=\"article\" \/>\n<meta property=\"og:title\" content=\"ENL\u00c8VEMENT DES MOISISSURES - Healthy Home Center\" \/>\n<meta property=\"og:description\" content=\"Certains instruments aident \u00e0 d\u00e9terminer le degr\u00e9 d\u2019humidit\u00e9 ambiante et si cette derni\u00e8re pourrait ou non contribuer \u00e0 l\u2019apparition de moisissures.\" \/>\n<meta property=\"og:url\" content=\"https:\/\/healthyhomecenter.ca\/fr\/services\/enlevement-des-moisissures\/\" \/>\n<meta property=\"og:site_name\" content=\"Healthy Home Center\" \/>\n<meta property=\"article:publisher\" content=\"https:\/\/www.facebook.com\/Healthy-Home-Center-1683768605283953\/\" \/>\n<meta property=\"article:modified_time\" content=\"2020-11-27T18:51:28+00:00\" \/>\n<meta name=\"twitter:card\" content=\"summary_large_image\" \/>\n<meta name=\"twitter:label1\" content=\"Dur\u00e9e de lecture estim\u00e9e\" \/>\n\t<meta name=\"twitter:data1\" content=\"7 minutes\" \/>\n<script type=\"application\/ld+json\" class=\"yoast-schema-graph\">{\"@context\":\"https:\\\/\\\/schema.org\",\"@graph\":[{\"@type\":\"WebPage\",\"@id\":\"https:\\\/\\\/healthyhomecenter.ca\\\/fr\\\/services\\\/enlevement-des-moisissures\\\/\",\"url\":\"https:\\\/\\\/healthyhomecenter.ca\\\/fr\\\/services\\\/enlevement-des-moisissures\\\/\",\"name\":\"ENL\u00c8VEMENT DES MOISISSURES - Healthy Home Center\",\"isPartOf\":{\"@id\":\"https:\\\/\\\/healthyhomecenter.ca\\\/#website\"},\"datePublished\":\"2020-01-22T19:20:18+00:00\",\"dateModified\":\"2020-11-27T18:51:28+00:00\",\"description\":\"Certains instruments aident \u00e0 d\u00e9terminer le degr\u00e9 d\u2019humidit\u00e9 ambiante et si cette derni\u00e8re pourrait ou non contribuer \u00e0 l\u2019apparition de moisissures.\",\"breadcrumb\":{\"@id\":\"https:\\\/\\\/healthyhomecenter.ca\\\/fr\\\/services\\\/enlevement-des-moisissures\\\/#breadcrumb\"},\"inLanguage\":\"fr-FR\",\"potentialAction\":[{\"@type\":\"ReadAction\",\"target\":[\"https:\\\/\\\/healthyhomecenter.ca\\\/fr\\\/services\\\/enlevement-des-moisissures\\\/\"]}]},{\"@type\":\"BreadcrumbList\",\"@id\":\"https:\\\/\\\/healthyhomecenter.ca\\\/fr\\\/services\\\/enlevement-des-moisissures\\\/#breadcrumb\",\"itemListElement\":[{\"@type\":\"ListItem\",\"position\":1,\"name\":\"D\u2019ACCUEIL\",\"item\":\"https:\\\/\\\/healthyhomecenter.ca\\\/fr\\\/\"},{\"@type\":\"ListItem\",\"position\":2,\"name\":\"SERVICES\",\"item\":\"https:\\\/\\\/healthyhomecenter.ca\\\/fr\\\/services\\\/\"},{\"@type\":\"ListItem\",\"position\":3,\"name\":\"ENL\u00c8VEMENT DES MOISISSURES\"}]},{\"@type\":\"WebSite\",\"@id\":\"https:\\\/\\\/healthyhomecenter.ca\\\/#website\",\"url\":\"https:\\\/\\\/healthyhomecenter.ca\\\/\",\"name\":\"Healthy Home Center\",\"description\":\"Mold Removal Services in Ottawa\",\"publisher\":{\"@id\":\"https:\\\/\\\/healthyhomecenter.ca\\\/#organization\"},\"potentialAction\":[{\"@type\":\"SearchAction\",\"target\":{\"@type\":\"EntryPoint\",\"urlTemplate\":\"https:\\\/\\\/healthyhomecenter.ca\\\/?s={search_term_string}\"},\"query-input\":{\"@type\":\"PropertyValueSpecification\",\"valueRequired\":true,\"valueName\":\"search_term_string\"}}],\"inLanguage\":\"fr-FR\"},{\"@type\":\"Organization\",\"@id\":\"https:\\\/\\\/healthyhomecenter.ca\\\/#organization\",\"name\":\"Healthy Home Center\",\"url\":\"https:\\\/\\\/healthyhomecenter.ca\\\/\",\"logo\":{\"@type\":\"ImageObject\",\"inLanguage\":\"fr-FR\",\"@id\":\"https:\\\/\\\/healthyhomecenter.ca\\\/#\\\/schema\\\/logo\\\/image\\\/\",\"url\":\"https:\\\/\\\/healthyhomecen.wpengine.com\\\/wp-content\\\/uploads\\\/2018\\\/02\\\/hhg-ico.png\",\"contentUrl\":\"https:\\\/\\\/healthyhomecen.wpengine.com\\\/wp-content\\\/uploads\\\/2018\\\/02\\\/hhg-ico.png\",\"width\":340,\"height\":357,\"caption\":\"Healthy Home Center\"},\"image\":{\"@id\":\"https:\\\/\\\/healthyhomecenter.ca\\\/#\\\/schema\\\/logo\\\/image\\\/\"},\"sameAs\":[\"https:\\\/\\\/www.facebook.com\\\/Healthy-Home-Center-1683768605283953\\\/\"]}]}<\/script>\n<!-- \/ Yoast SEO plugin. -->","yoast_head_json":{"title":"ENL\u00c8VEMENT DES MOISISSURES - Healthy Home Center","description":"Certains instruments aident \u00e0 d\u00e9terminer le degr\u00e9 d\u2019humidit\u00e9 ambiante et si cette derni\u00e8re pourrait ou non contribuer \u00e0 l\u2019apparition de moisissures.","robots":{"index":"index","follow":"follow","max-snippet":"max-snippet:-1","max-image-preview":"max-image-preview:large","max-video-preview":"max-video-preview:-1"},"canonical":"https:\/\/healthyhomecenter.ca\/fr\/services\/enlevement-des-moisissures\/","og_locale":"fr_FR","og_type":"article","og_title":"ENL\u00c8VEMENT DES MOISISSURES - Healthy Home Center","og_description":"Certains instruments aident \u00e0 d\u00e9terminer le degr\u00e9 d\u2019humidit\u00e9 ambiante et si cette derni\u00e8re pourrait ou non contribuer \u00e0 l\u2019apparition de moisissures.","og_url":"https:\/\/healthyhomecenter.ca\/fr\/services\/enlevement-des-moisissures\/","og_site_name":"Healthy Home Center","article_publisher":"https:\/\/www.facebook.com\/Healthy-Home-Center-1683768605283953\/","article_modified_time":"2020-11-27T18:51:28+00:00","twitter_card":"summary_large_image","twitter_misc":{"Dur\u00e9e de lecture estim\u00e9e":"7 minutes"},"schema":{"@context":"https:\/\/schema.org","@graph":[{"@type":"WebPage","@id":"https:\/\/healthyhomecenter.ca\/fr\/services\/enlevement-des-moisissures\/","url":"https:\/\/healthyhomecenter.ca\/fr\/services\/enlevement-des-moisissures\/","name":"ENL\u00c8VEMENT DES MOISISSURES - Healthy Home Center","isPartOf":{"@id":"https:\/\/healthyhomecenter.ca\/#website"},"datePublished":"2020-01-22T19:20:18+00:00","dateModified":"2020-11-27T18:51:28+00:00","description":"Certains instruments aident \u00e0 d\u00e9terminer le degr\u00e9 d\u2019humidit\u00e9 ambiante et si cette derni\u00e8re pourrait ou non contribuer \u00e0 l\u2019apparition de moisissures.","breadcrumb":{"@id":"https:\/\/healthyhomecenter.ca\/fr\/services\/enlevement-des-moisissures\/#breadcrumb"},"inLanguage":"fr-FR","potentialAction":[{"@type":"ReadAction","target":["https:\/\/healthyhomecenter.ca\/fr\/services\/enlevement-des-moisissures\/"]}]},{"@type":"BreadcrumbList","@id":"https:\/\/healthyhomecenter.ca\/fr\/services\/enlevement-des-moisissures\/#breadcrumb","itemListElement":[{"@type":"ListItem","position":1,"name":"D\u2019ACCUEIL","item":"https:\/\/healthyhomecenter.ca\/fr\/"},{"@type":"ListItem","position":2,"name":"SERVICES","item":"https:\/\/healthyhomecenter.ca\/fr\/services\/"},{"@type":"ListItem","position":3,"name":"ENL\u00c8VEMENT DES MOISISSURES"}]},{"@type":"WebSite","@id":"https:\/\/healthyhomecenter.ca\/#website","url":"https:\/\/healthyhomecenter.ca\/","name":"Healthy Home Center","description":"Mold Removal Services in Ottawa","publisher":{"@id":"https:\/\/healthyhomecenter.ca\/#organization"},"potentialAction":[{"@type":"SearchAction","target":{"@type":"EntryPoint","urlTemplate":"https:\/\/healthyhomecenter.ca\/?s={search_term_string}"},"query-input":{"@type":"PropertyValueSpecification","valueRequired":true,"valueName":"search_term_string"}}],"inLanguage":"fr-FR"},{"@type":"Organization","@id":"https:\/\/healthyhomecenter.ca\/#organization","name":"Healthy Home Center","url":"https:\/\/healthyhomecenter.ca\/","logo":{"@type":"ImageObject","inLanguage":"fr-FR","@id":"https:\/\/healthyhomecenter.ca\/#\/schema\/logo\/image\/","url":"https:\/\/healthyhomecen.wpengine.com\/wp-content\/uploads\/2018\/02\/hhg-ico.png","contentUrl":"https:\/\/healthyhomecen.wpengine.com\/wp-content\/uploads\/2018\/02\/hhg-ico.png","width":340,"height":357,"caption":"Healthy Home Center"},"image":{"@id":"https:\/\/healthyhomecenter.ca\/#\/schema\/logo\/image\/"},"sameAs":["https:\/\/www.facebook.com\/Healthy-Home-Center-1683768605283953\/"]}]}},"_links":{"self":[{"href":"https:\/\/healthyhomecenter.ca\/fr\/wp-json\/wp\/v2\/pages\/749","targetHints":{"allow":["GET"]}}],"collection":[{"href":"https:\/\/healthyhomecenter.ca\/fr\/wp-json\/wp\/v2\/pages"}],"about":[{"href":"https:\/\/healthyhomecenter.ca\/fr\/wp-json\/wp\/v2\/types\/page"}],"author":[{"embeddable":true,"href":"https:\/\/healthyhomecenter.ca\/fr\/wp-json\/wp\/v2\/users\/2"}],"replies":[{"embeddable":true,"href":"https:\/\/healthyhomecenter.ca\/fr\/wp-json\/wp\/v2\/comments?post=749"}],"version-history":[{"count":0,"href":"https:\/\/healthyhomecenter.ca\/fr\/wp-json\/wp\/v2\/pages\/749\/revisions"}],"up":[{"embeddable":true,"href":"https:\/\/healthyhomecenter.ca\/fr\/wp-json\/wp\/v2\/pages\/800"}],"wp:attachment":[{"href":"https:\/\/healthyhomecenter.ca\/fr\/wp-json\/wp\/v2\/media?parent=749"}],"wp:term":[{"taxonomy":"post_tag","embeddable":true,"href":"https:\/\/healthyhomecenter.ca\/fr\/wp-json\/wp\/v2\/tags?post=749"}],"curies":[{"name":"wp","href":"https:\/\/api.w.org\/{rel}","templated":true}]}}